{"id":948,"date":"2022-12-07T12:51:11","date_gmt":"2022-12-07T16:51:11","guid":{"rendered":"http:\/\/localhost:10058\/privacy-policy\/"},"modified":"2023-09-12T16:25:28","modified_gmt":"2023-09-12T20:25:28","slug":"privacy-policy","status":"publish","type":"page","link":"https:\/\/intertaskconferences.com\/fr\/privacy-policy\/","title":{"rendered":"Politique de confidentialit\u00e9"},"content":{"rendered":"    <div class=\"row hero flex align-center\" id=\"\">\n        <div class=\"wrap\" data-aos=\"fade-up\" data-aos-delay=\"200\">\n            <div class=\"hero--inner flex\">\n\n                <div class=\"hero--inner-title w-50\">\n                    <h1>\n                        Politique de confidentialit\u00e9                        <span class=\"hero-h c-green\"><\/span>\n                    <\/h1>\n                                                        <\/div>\n\n                \n            <\/div>\n        <\/div>\n    <\/div>\n\n\n<div class=\"wp-block-group alignwide\" id=\"intro\"><div class=\"wp-block-group__inner-container is-layout-flow wp-block-group-is-layout-flow\">\n<p>Cette politique de confidentialit\u00e9 divulgue les pratiques de confidentialit\u00e9 pour <strong>www.intertaskconferences.com\/fr<\/strong>. Cette politique de confidentialit\u00e9 s&rsquo;applique uniquement aux renseignements recueillis par l\u2019entremise de ce site web. Elle vous informera des \u00e9l\u00e9ments suivants :<\/p>\n\n\n\n<p>les informations personnellement identifiables qui sont recueillies aupr\u00e8s de vous via le site web, comment elles sont utilis\u00e9es et avec qui elles peuvent \u00eatre partag\u00e9es;<\/p>\n\n\n\n<p>les choix qui s&rsquo;offrent \u00e0 vous concernant l&rsquo;utilisation de vos donn\u00e9es;<\/p>\n\n\n\n<p>les proc\u00e9dures de s\u00e9curit\u00e9 mises en place pour prot\u00e9ger l&rsquo;utilisation abusive de vos renseignements; et<\/p>\n\n\n\n<p>comment vous pouvez corriger toute inexactitude dans les informations.<\/p>\n<\/div><\/div>\n\n\n\n<div class=\"wp-block-group alignwide\" id=\"collection\"><div class=\"wp-block-group__inner-container is-layout-flow wp-block-group-is-layout-flow\">\n<h3 class=\"wp-block-heading\"><strong>Collecte, utilisation et partage des renseignements<\/strong><\/h3>\n\n\n\n<p>Nous sommes les seuls propri\u00e9taires des renseignements recueillis sur ce site. Nous n&rsquo;avons acc\u00e8s \u00e0\/collectons que les informations que vous nous donnez volontairement par courriel ou tout autre contact direct de votre part. Nous ne vendrons ni ne louerons pas ces informations \u00e0 qui que ce soit.<\/p>\n\n\n\n<p>Nous utiliserons vos renseignements pour vous r\u00e9pondre concernant la raison pour laquelle vous nous avez contact\u00e9s. Nous ne partagerons pas vos informations avec des tiers \u00e0 l\u2019ext\u00e9rieur de notre organisation, sauf si cela est n\u00e9cessaire pour r\u00e9pondre \u00e0 votre demande, par exemple pour exp\u00e9dier une commande.<\/p>\n\n\n\n<p>\u00c0 moins que vous ne nous demandiez de ne pas le faire, nous pourrions vous contacter par courriel \u00e0 l&rsquo;avenir pour vous informer des offres sp\u00e9ciales, des nouveaux produits ou services, ou des modifications apport\u00e9es \u00e0 cette politique de confidentialit\u00e9.<\/p>\n<\/div><\/div>\n\n\n\n<div class=\"wp-block-group alignwide\" id=\"access\"><div class=\"wp-block-group__inner-container is-layout-flow wp-block-group-is-layout-flow\">\n<h3 class=\"wp-block-heading\"><strong>Votre acc\u00e8s aux informations et votre contr\u00f4le sur celles-ci<\/strong><\/h3>\n\n\n\n<p>Vous pouvez vous d\u00e9sabonner de tout contact futur de notre part \u00e0 tout moment. Vous pouvez faire ce qui suit \u00e0 tout moment en nous contactant via l&rsquo;adresse courriel ou le num\u00e9ro de t\u00e9l\u00e9phone fourni sur ce site web :<\/p>\n\n\n\n<p>voir quelles donn\u00e9es nous avons qui vous concernent, le cas \u00e9ch\u00e9ant;<\/p>\n\n\n\n<p>modifier\/corriger toutes les donn\u00e9es que nous avons qui vous concernent;<\/p>\n\n\n\n<p>nous demander de supprimer toutes les donn\u00e9es que nous avons qui vous concernent; et<\/p>\n\n\n\n<p>exprimer toute pr\u00e9occupation que vous pourriez avoir concernant notre utilisation de vos donn\u00e9es.<\/p>\n<\/div><\/div>\n\n\n\n<div class=\"wp-block-group alignwide\" id=\"security\"><div class=\"wp-block-group__inner-container is-layout-flow wp-block-group-is-layout-flow\">\n<h3 class=\"wp-block-heading\"><strong>S\u00e9curit\u00e9<\/strong><\/h3>\n\n\n\n<p>Nous prenons des pr\u00e9cautions pour prot\u00e9ger vos renseignements. Lorsque vous soumettez des informations sensibles via le site web, vos informations sont prot\u00e9g\u00e9es en ligne et hors ligne.<\/p>\n\n\n\n<p>Lorsque des renseignements sensibles (tels que des donn\u00e9es de carte de cr\u00e9dit) sont recueillis, ils sont crypt\u00e9es et nous sont transmis de mani\u00e8re s\u00e9curis\u00e9e. Vous pouvez v\u00e9rifier cela en recherchant un cadenas ferm\u00e9 en bas de votre navigateur web, ou en recherchant \u00ab\u00a0https\u00a0\u00bb au d\u00e9but de l&rsquo;adresse de la page web.<\/p>\n\n\n\n<p>Bien que nous utilisions le cryptage pour prot\u00e9ger les informations sensibles transmises en ligne, nous prot\u00e9geons \u00e9galement vos informations hors ligne. Seuls les employ\u00e9s qui ont besoin des renseignements pour effectuer une t\u00e2che sp\u00e9cifique (par exemple, la facturation ou le service client) ont acc\u00e8s aux donn\u00e9es personnellement identifiables. Les ordinateurs\/serveurs dans lesquels nous stockons des informations personnellement identifiables sont conserv\u00e9s dans un environnement s\u00e9curis\u00e9.<\/p>\n<\/div><\/div>\n\n\n\n<div class=\"wp-block-group alignwide\" id=\"updates\"><div class=\"wp-block-group__inner-container is-layout-flow wp-block-group-is-layout-flow\">\n<h3 class=\"wp-block-heading\"><strong>Mises \u00e0 jour<\/strong><\/h3>\n\n\n\n<p>Notre politique de confidentialit\u00e9 peut changer de temps \u00e0 autre et toutes les mises \u00e0 jour seront publi\u00e9es sur cette page.<\/p>\n\n\n\n<p>Si vous estimez que nous ne respectons pas cette politique de confidentialit\u00e9, vous devez nous contacter imm\u00e9diatement par t\u00e9l\u00e9phone au 613-238-4075, poste 0 ou par courriel \u00e0 <a href=\"mailto:info@intertaskconferences.com\/\">info@intertaskconferences.com<\/a>.<\/p>\n<\/div><\/div>\n","protected":false},"excerpt":{"rendered":"<p>Cette politique de confidentialit\u00e9 divulgue les pratiques de confidentialit\u00e9 pour www.intertaskconferences.com\/fr. Cette politique de confidentialit\u00e9 s&rsquo;applique uniquement aux renseignements recueillis par l\u2019entremise de ce site web. Elle vous informera des \u00e9l\u00e9ments suivants : les informations personnellement identifiables qui sont recueillies aupr\u00e8s de vous via le site web, comment elles sont utilis\u00e9es et avec qui elles [&hellip;]<\/p>\n","protected":false},"author":5,"featured_media":0,"parent":0,"menu_order":0,"comment_status":"closed","ping_status":"closed","template":"","meta":{"_acf_changed":false,"_genesis_hide_title":false,"_genesis_hide_breadcrumbs":false,"_genesis_hide_singular_image":false,"_genesis_hide_footer_widgets":false,"_genesis_custom_body_class":"","_genesis_custom_post_class":"","_genesis_layout":"","footnotes":""},"class_list":{"0":"post-948","1":"page","2":"type-page","3":"status-publish","5":"entry"},"acf":[],"yoast_head":"<!-- This site is optimized with the Yoast SEO plugin v27.3 - https:\/\/yoast.com\/product\/yoast-seo-wordpress\/ -->\n<title>Politique de confidentialit\u00e9 - Intertask Conferences<\/title>\n<meta name=\"robots\" content=\"index, follow, max-snippet:-1, max-image-preview:large, max-video-preview:-1\" \/>\n<link rel=\"canonical\" href=\"https:\/\/intertaskconferences.com\/fr\/privacy-policy\/\" \/>\n<meta property=\"og:locale\" content=\"fr_FR\" \/>\n<meta property=\"og:type\" content=\"article\" \/>\n<meta property=\"og:title\" content=\"Politique de confidentialit\u00e9 - Intertask Conferences\" \/>\n<meta property=\"og:description\" content=\"Cette politique de confidentialit\u00e9 divulgue les pratiques de confidentialit\u00e9 pour www.intertaskconferences.com\/fr. Cette politique de confidentialit\u00e9 s&rsquo;applique uniquement aux renseignements recueillis par l\u2019entremise de ce site web. Elle vous informera des \u00e9l\u00e9ments suivants : les informations personnellement identifiables qui sont recueillies aupr\u00e8s de vous via le site web, comment elles sont utilis\u00e9es et avec qui elles [&hellip;]\" \/>\n<meta property=\"og:url\" content=\"https:\/\/intertaskconferences.com\/fr\/privacy-policy\/\" \/>\n<meta property=\"og:site_name\" content=\"Intertask Conferences\" \/>\n<meta property=\"article:modified_time\" content=\"2023-09-12T20:25:28+00:00\" \/>\n<meta name=\"twitter:card\" content=\"summary_large_image\" \/>\n<meta name=\"twitter:label1\" content=\"Dur\u00e9e de lecture estim\u00e9e\" \/>\n\t<meta name=\"twitter:data1\" content=\"3 minutes\" \/>\n<script type=\"application\/ld+json\" class=\"yoast-schema-graph\">{\"@context\":\"https:\\\/\\\/schema.org\",\"@graph\":[{\"@type\":\"WebPage\",\"@id\":\"https:\\\/\\\/intertaskconferences.com\\\/fr\\\/privacy-policy\\\/\",\"url\":\"https:\\\/\\\/intertaskconferences.com\\\/fr\\\/privacy-policy\\\/\",\"name\":\"Politique de confidentialit\u00e9 - Intertask Conferences\",\"isPartOf\":{\"@id\":\"https:\\\/\\\/intertaskconferences.com\\\/fr\\\/#website\"},\"datePublished\":\"2022-12-07T16:51:11+00:00\",\"dateModified\":\"2023-09-12T20:25:28+00:00\",\"breadcrumb\":{\"@id\":\"https:\\\/\\\/intertaskconferences.com\\\/fr\\\/privacy-policy\\\/#breadcrumb\"},\"inLanguage\":\"fr-FR\",\"potentialAction\":[{\"@type\":\"ReadAction\",\"target\":[\"https:\\\/\\\/intertaskconferences.com\\\/fr\\\/privacy-policy\\\/\"]}]},{\"@type\":\"BreadcrumbList\",\"@id\":\"https:\\\/\\\/intertaskconferences.com\\\/fr\\\/privacy-policy\\\/#breadcrumb\",\"itemListElement\":[{\"@type\":\"ListItem\",\"position\":1,\"name\":\"Home\",\"item\":\"https:\\\/\\\/intertaskconferences.com\\\/fr\\\/\"},{\"@type\":\"ListItem\",\"position\":2,\"name\":\"Politique de confidentialit\u00e9\"}]},{\"@type\":\"WebSite\",\"@id\":\"https:\\\/\\\/intertaskconferences.com\\\/fr\\\/#website\",\"url\":\"https:\\\/\\\/intertaskconferences.com\\\/fr\\\/\",\"name\":\"Intertask Conferences\",\"description\":\"\",\"publisher\":{\"@id\":\"https:\\\/\\\/intertaskconferences.com\\\/fr\\\/#organization\"},\"potentialAction\":[{\"@type\":\"SearchAction\",\"target\":{\"@type\":\"EntryPoint\",\"urlTemplate\":\"https:\\\/\\\/intertaskconferences.com\\\/fr\\\/?s={search_term_string}\"},\"query-input\":{\"@type\":\"PropertyValueSpecification\",\"valueRequired\":true,\"valueName\":\"search_term_string\"}}],\"inLanguage\":\"fr-FR\"},{\"@type\":\"Organization\",\"@id\":\"https:\\\/\\\/intertaskconferences.com\\\/fr\\\/#organization\",\"name\":\"Intertask Conferences\",\"url\":\"https:\\\/\\\/intertaskconferences.com\\\/fr\\\/\",\"logo\":{\"@type\":\"ImageObject\",\"inLanguage\":\"fr-FR\",\"@id\":\"https:\\\/\\\/intertaskconferences.com\\\/fr\\\/#\\\/schema\\\/logo\\\/image\\\/\",\"url\":\"http:\\\/\\\/intertaskconferences.com\\\/wp-content\\\/uploads\\\/intertask-jpdl-logo-colour.png\",\"contentUrl\":\"http:\\\/\\\/intertaskconferences.com\\\/wp-content\\\/uploads\\\/intertask-jpdl-logo-colour.png\",\"width\":1196,\"height\":219,\"caption\":\"Intertask Conferences\"},\"image\":{\"@id\":\"https:\\\/\\\/intertaskconferences.com\\\/fr\\\/#\\\/schema\\\/logo\\\/image\\\/\"}}]}<\/script>\n<!-- \/ Yoast SEO plugin. -->","yoast_head_json":{"title":"Politique de confidentialit\u00e9 - Intertask Conferences","robots":{"index":"index","follow":"follow","max-snippet":"max-snippet:-1","max-image-preview":"max-image-preview:large","max-video-preview":"max-video-preview:-1"},"canonical":"https:\/\/intertaskconferences.com\/fr\/privacy-policy\/","og_locale":"fr_FR","og_type":"article","og_title":"Politique de confidentialit\u00e9 - Intertask Conferences","og_description":"Cette politique de confidentialit\u00e9 divulgue les pratiques de confidentialit\u00e9 pour www.intertaskconferences.com\/fr. Cette politique de confidentialit\u00e9 s&rsquo;applique uniquement aux renseignements recueillis par l\u2019entremise de ce site web. Elle vous informera des \u00e9l\u00e9ments suivants : les informations personnellement identifiables qui sont recueillies aupr\u00e8s de vous via le site web, comment elles sont utilis\u00e9es et avec qui elles [&hellip;]","og_url":"https:\/\/intertaskconferences.com\/fr\/privacy-policy\/","og_site_name":"Intertask Conferences","article_modified_time":"2023-09-12T20:25:28+00:00","twitter_card":"summary_large_image","twitter_misc":{"Dur\u00e9e de lecture estim\u00e9e":"3 minutes"},"schema":{"@context":"https:\/\/schema.org","@graph":[{"@type":"WebPage","@id":"https:\/\/intertaskconferences.com\/fr\/privacy-policy\/","url":"https:\/\/intertaskconferences.com\/fr\/privacy-policy\/","name":"Politique de confidentialit\u00e9 - Intertask Conferences","isPartOf":{"@id":"https:\/\/intertaskconferences.com\/fr\/#website"},"datePublished":"2022-12-07T16:51:11+00:00","dateModified":"2023-09-12T20:25:28+00:00","breadcrumb":{"@id":"https:\/\/intertaskconferences.com\/fr\/privacy-policy\/#breadcrumb"},"inLanguage":"fr-FR","potentialAction":[{"@type":"ReadAction","target":["https:\/\/intertaskconferences.com\/fr\/privacy-policy\/"]}]},{"@type":"BreadcrumbList","@id":"https:\/\/intertaskconferences.com\/fr\/privacy-policy\/#breadcrumb","itemListElement":[{"@type":"ListItem","position":1,"name":"Home","item":"https:\/\/intertaskconferences.com\/fr\/"},{"@type":"ListItem","position":2,"name":"Politique de confidentialit\u00e9"}]},{"@type":"WebSite","@id":"https:\/\/intertaskconferences.com\/fr\/#website","url":"https:\/\/intertaskconferences.com\/fr\/","name":"Intertask Conferences","description":"","publisher":{"@id":"https:\/\/intertaskconferences.com\/fr\/#organization"},"potentialAction":[{"@type":"SearchAction","target":{"@type":"EntryPoint","urlTemplate":"https:\/\/intertaskconferences.com\/fr\/?s={search_term_string}"},"query-input":{"@type":"PropertyValueSpecification","valueRequired":true,"valueName":"search_term_string"}}],"inLanguage":"fr-FR"},{"@type":"Organization","@id":"https:\/\/intertaskconferences.com\/fr\/#organization","name":"Intertask Conferences","url":"https:\/\/intertaskconferences.com\/fr\/","logo":{"@type":"ImageObject","inLanguage":"fr-FR","@id":"https:\/\/intertaskconferences.com\/fr\/#\/schema\/logo\/image\/","url":"http:\/\/intertaskconferences.com\/wp-content\/uploads\/intertask-jpdl-logo-colour.png","contentUrl":"http:\/\/intertaskconferences.com\/wp-content\/uploads\/intertask-jpdl-logo-colour.png","width":1196,"height":219,"caption":"Intertask Conferences"},"image":{"@id":"https:\/\/intertaskconferences.com\/fr\/#\/schema\/logo\/image\/"}}]}},"_links":{"self":[{"href":"https:\/\/intertaskconferences.com\/fr\/wp-json\/wp\/v2\/pages\/948","targetHints":{"allow":["GET"]}}],"collection":[{"href":"https:\/\/intertaskconferences.com\/fr\/wp-json\/wp\/v2\/pages"}],"about":[{"href":"https:\/\/intertaskconferences.com\/fr\/wp-json\/wp\/v2\/types\/page"}],"author":[{"embeddable":true,"href":"https:\/\/intertaskconferences.com\/fr\/wp-json\/wp\/v2\/users\/5"}],"replies":[{"embeddable":true,"href":"https:\/\/intertaskconferences.com\/fr\/wp-json\/wp\/v2\/comments?post=948"}],"version-history":[{"count":0,"href":"https:\/\/intertaskconferences.com\/fr\/wp-json\/wp\/v2\/pages\/948\/revisions"}],"wp:attachment":[{"href":"https:\/\/intertaskconferences.com\/fr\/wp-json\/wp\/v2\/media?parent=948"}],"curies":[{"name":"wp","href":"https:\/\/api.w.org\/{rel}","templated":true}]}}