{"id":925,"date":"2022-07-27T16:27:11","date_gmt":"2022-07-27T20:27:11","guid":{"rendered":"http:\/\/localhost:10058\/case-studies\/"},"modified":"2023-10-22T19:46:21","modified_gmt":"2023-10-22T23:46:21","slug":"etude-de-cas","status":"publish","type":"page","link":"https:\/\/intertaskconferences.com\/fr\/etude-de-cas\/","title":{"rendered":"\u00c9tude de cas"},"content":{"rendered":"    <div class=\"row hero flex align-center\" id=\"\">\n        <div class=\"wrap\" data-aos=\"fade-up\" data-aos-delay=\"200\">\n            <div class=\"hero--inner flex\">\n\n                <div class=\"hero--inner-title w-50\">\n                    <h1>\n                        \u00c9tude de cas                        <span class=\"hero-h c-green\"><\/span>\n                    <\/h1>\n                    <p>Intertask Conferences collabore avec une multitude de clients dans plusieurs secteurs.<\/p>\n                                    <\/div>\n\n                \n            <\/div>\n        <\/div>\n    <\/div>\n\n<div id=\"case-studies-block_c30f295bf713cdbe99592560501eba66\" class=\"row block-case-studies\">\n    <div class=\"wrap\" data-aos=\"fade-up\" data-aos-delay=\"200\">\n        <div class=\"block-case-studies--inner\">\n                            <div class=\"block-case-studies--single flex gap-l\">\n                    <div class=\"w-50\">\n                        <div class=\"block-case-studies--single-meta\">\n                            <h2 class=\"h3 c-blue\">Commandites pour un congr\u00e8s conjoint<\/h2>\n                            <p>L\u2019\u00e9tude de cas suivante d\u00e9montre notre approche strat\u00e9gique, les r\u00e9sultats des ventes de commandites et le niveau sup\u00e9rieur d\u2019attention aux d\u00e9tails et d\u2019expertise que nous amenons \u00e0 chaque projet.<\/p>\n                        <\/div>\n                                                    <div class=\"block-case-studies--single-keys flex\">\n                                                                                                            <div class=\"block-case-studies--single-keys--item\">\n                                            <span class=\"block-case-studies--single-keys--item-number\">6,700<\/span>\n                                                                                            <p class=\"block-case-studies--single-keys--item-label c-d-grey\">Participants<\/p>\n                                                                                    <\/div>\n                                                                                                                                                <div class=\"block-case-studies--single-keys--item\">\n                                            <span class=\"block-case-studies--single-keys--item-number\">300<\/span>\n                                                                                            <p class=\"block-case-studies--single-keys--item-label c-d-grey\">Exposants<\/p>\n                                                                                    <\/div>\n                                                                                                                                                <div class=\"block-case-studies--single-keys--item\">\n                                            <span class=\"block-case-studies--single-keys--item-number\">375<\/span>\n                                                                                            <p class=\"block-case-studies--single-keys--item-label c-d-grey\">S\u00e9ances<\/p>\n                                                                                    <\/div>\n                                                                                                <\/div>\n                                                <div class=\"block-case-studies--single-link\">\n                            <a class=\"block-case-studies--single-link-cta p medium c-d-grey text-d-none b-bottom w-60\" href=\"https:\/\/intertaskconferences.com\/fr\/case-study\/joint-congress-sponsorship-fr\/\">En savoir plus<\/a>\n                            <a class=\"p c-d-grey\" href=\"https:\/\/intertaskconferences.com\/wp-content\/uploads\/Case-Study-Joint-Congress-Sponsorship.pdf\" download>T\u00e9l\u00e9chargez la version PDF (en anglais seulement)<\/a>\n                        <\/div>\n                    <\/div>\n                    <div class=\"w-50\">\n                                                <img decoding=\"async\" class=\"img\" src=\"https:\/\/intertaskconferences.com\/wp-content\/uploads\/GettyImages-1425293645.jpg\" alt=\"\"\/>\n                    <\/div>\n                <\/div>\n                            <div class=\"block-case-studies--single flex gap-l\">\n                    <div class=\"w-50\">\n                        <div class=\"block-case-studies--single-meta\">\n                            <h2 class=\"h3 c-blue\">Interpr\u00e9tation virtuelle<\/h2>\n                            <p>L\u2019histoire suivante met en valeur notre approche ax\u00e9e sur les solutions en ce qui a trait \u00e0 notre connaissance du march\u00e9 et \u00e0 notre habilet\u00e9 de recommander ce qu\u2019il y a de mieux \u00e0 nos clients.<\/p>\n                        <\/div>\n                                                    <div class=\"block-case-studies--single-keys flex\">\n                                                                                                            <div class=\"block-case-studies--single-keys--item\">\n                                            <span class=\"block-case-studies--single-keys--item-number\">40+<\/span>\n                                                                                            <p class=\"block-case-studies--single-keys--item-label c-d-grey\">Platformes virtuelles<\/p>\n                                                                                    <\/div>\n                                                                                                                                                <div class=\"block-case-studies--single-keys--item\">\n                                            <span class=\"block-case-studies--single-keys--item-number\">30<\/span>\n                                                                                            <p class=\"block-case-studies--single-keys--item-label c-d-grey\">Interpr\u00e8tes<\/p>\n                                                                                    <\/div>\n                                                                                                                                                <div class=\"block-case-studies--single-keys--item\">\n                                            <span class=\"block-case-studies--single-keys--item-number\">90<\/span>\n                                                                                            <p class=\"block-case-studies--single-keys--item-label c-d-grey\">S\u00e9ances<\/p>\n                                                                                    <\/div>\n                                                                                                <\/div>\n                                                <div class=\"block-case-studies--single-link\">\n                            <a class=\"block-case-studies--single-link-cta p medium c-d-grey text-d-none b-bottom w-60\" href=\"https:\/\/intertaskconferences.com\/fr\/case-study\/virtual-interpretation-fr\/\">En savoir plus<\/a>\n                            <a class=\"p c-d-grey\" href=\"https:\/\/intertaskconferences.com\/wp-content\/uploads\/Client-Story-Virtual-Interpretation.pdf\" download>T\u00e9l\u00e9chargez la version PDF (en anglais seulement)<\/a>\n                        <\/div>\n                    <\/div>\n                    <div class=\"w-50\">\n                                                <img decoding=\"async\" class=\"img\" src=\"https:\/\/intertaskconferences.com\/wp-content\/uploads\/pexels-shvets-production-7516363-scaled.jpg\" alt=\"\"\/>\n                    <\/div>\n                <\/div>\n                            <div class=\"block-case-studies--single flex gap-l\">\n                    <div class=\"w-50\">\n                        <div class=\"block-case-studies--single-meta\">\n                            <h2 class=\"h3 c-blue\">Changer de cap\u00a0: vers le virtuel<\/h2>\n                            <p>Un congr\u00e8s m\u00e9dical et une exposition de trois jours et demi en pr\u00e9sentiel sont bouscul\u00e9s par la COVID-19, nous for\u00e7ant \u00e0 nous tourner vers le virtuel tout en faisant preuve de flexibilit\u00e9, d\u2019innovation et de d\u00e9termination.<\/p>\n                        <\/div>\n                                                    <div class=\"block-case-studies--single-keys flex\">\n                                                                                                            <div class=\"block-case-studies--single-keys--item\">\n                                            <span class=\"block-case-studies--single-keys--item-number\">2,000<\/span>\n                                                                                            <p class=\"block-case-studies--single-keys--item-label c-d-grey\">Participants<\/p>\n                                                                                    <\/div>\n                                                                                                                                                <div class=\"block-case-studies--single-keys--item\">\n                                            <span class=\"block-case-studies--single-keys--item-number\">800<\/span>\n                                                                                            <p class=\"block-case-studies--single-keys--item-label c-d-grey\">Conf\u00e9renciers<\/p>\n                                                                                    <\/div>\n                                                                                                                                                <div class=\"block-case-studies--single-keys--item\">\n                                            <span class=\"block-case-studies--single-keys--item-number\">130+<\/span>\n                                                                                            <p class=\"block-case-studies--single-keys--item-label c-d-grey\">S\u00e9ances<\/p>\n                                                                                    <\/div>\n                                                                                                <\/div>\n                                                <div class=\"block-case-studies--single-link\">\n                            <a class=\"block-case-studies--single-link-cta p medium c-d-grey text-d-none b-bottom w-60\" href=\"https:\/\/intertaskconferences.com\/fr\/case-study\/virtual-speaker-management-fr\/\">En savoir plus<\/a>\n                            <a class=\"p c-d-grey\" href=\"https:\/\/intertaskconferences.com\/wp-content\/uploads\/Virtual-Speaker-Management-Casestudy.pdf\" download>T\u00e9l\u00e9chargez la version PDF (en anglais seulement)<\/a>\n                        <\/div>\n                    <\/div>\n                    <div class=\"w-50\">\n                                                <img decoding=\"async\" class=\"img\" src=\"https:\/\/intertaskconferences.com\/wp-content\/uploads\/image001-1.jpg\" alt=\"\"\/>\n                    <\/div>\n                <\/div>\n                    <\/div>\n    <\/div>\n<\/div>","protected":false},"excerpt":{"rendered":"","protected":false},"author":5,"featured_media":0,"parent":0,"menu_order":0,"comment_status":"closed","ping_status":"closed","template":"","meta":{"_acf_changed":false,"_genesis_hide_title":false,"_genesis_hide_breadcrumbs":false,"_genesis_hide_singular_image":false,"_genesis_hide_footer_widgets":false,"_genesis_custom_body_class":"","_genesis_custom_post_class":"","_genesis_layout":"","footnotes":""},"class_list":{"0":"post-925","1":"page","2":"type-page","3":"status-publish","5":"entry"},"acf":[],"yoast_head":"<!-- This site is optimized with the Yoast SEO plugin v27.3 - https:\/\/yoast.com\/product\/yoast-seo-wordpress\/ -->\n<title>\u00c9tude de cas - Intertask Conferences<\/title>\n<meta name=\"robots\" content=\"index, follow, max-snippet:-1, max-image-preview:large, max-video-preview:-1\" \/>\n<link rel=\"canonical\" href=\"https:\/\/intertaskconferences.com\/fr\/etude-de-cas\/\" \/>\n<meta property=\"og:locale\" content=\"fr_FR\" \/>\n<meta property=\"og:type\" content=\"article\" \/>\n<meta property=\"og:title\" content=\"\u00c9tude de cas - Intertask Conferences\" \/>\n<meta property=\"og:url\" content=\"https:\/\/intertaskconferences.com\/fr\/etude-de-cas\/\" \/>\n<meta property=\"og:site_name\" content=\"Intertask Conferences\" \/>\n<meta property=\"article:modified_time\" content=\"2023-10-22T23:46:21+00:00\" \/>\n<meta name=\"twitter:card\" content=\"summary_large_image\" \/>\n<script type=\"application\/ld+json\" class=\"yoast-schema-graph\">{\"@context\":\"https:\\\/\\\/schema.org\",\"@graph\":[{\"@type\":\"WebPage\",\"@id\":\"https:\\\/\\\/intertaskconferences.com\\\/fr\\\/etude-de-cas\\\/\",\"url\":\"https:\\\/\\\/intertaskconferences.com\\\/fr\\\/etude-de-cas\\\/\",\"name\":\"\u00c9tude de cas - Intertask Conferences\",\"isPartOf\":{\"@id\":\"https:\\\/\\\/intertaskconferences.com\\\/fr\\\/#website\"},\"datePublished\":\"2022-07-27T20:27:11+00:00\",\"dateModified\":\"2023-10-22T23:46:21+00:00\",\"breadcrumb\":{\"@id\":\"https:\\\/\\\/intertaskconferences.com\\\/fr\\\/etude-de-cas\\\/#breadcrumb\"},\"inLanguage\":\"fr-FR\",\"potentialAction\":[{\"@type\":\"ReadAction\",\"target\":[\"https:\\\/\\\/intertaskconferences.com\\\/fr\\\/etude-de-cas\\\/\"]}]},{\"@type\":\"BreadcrumbList\",\"@id\":\"https:\\\/\\\/intertaskconferences.com\\\/fr\\\/etude-de-cas\\\/#breadcrumb\",\"itemListElement\":[{\"@type\":\"ListItem\",\"position\":1,\"name\":\"Home\",\"item\":\"https:\\\/\\\/intertaskconferences.com\\\/fr\\\/\"},{\"@type\":\"ListItem\",\"position\":2,\"name\":\"\u00c9tude de cas\"}]},{\"@type\":\"WebSite\",\"@id\":\"https:\\\/\\\/intertaskconferences.com\\\/fr\\\/#website\",\"url\":\"https:\\\/\\\/intertaskconferences.com\\\/fr\\\/\",\"name\":\"Intertask Conferences\",\"description\":\"\",\"publisher\":{\"@id\":\"https:\\\/\\\/intertaskconferences.com\\\/fr\\\/#organization\"},\"potentialAction\":[{\"@type\":\"SearchAction\",\"target\":{\"@type\":\"EntryPoint\",\"urlTemplate\":\"https:\\\/\\\/intertaskconferences.com\\\/fr\\\/?s={search_term_string}\"},\"query-input\":{\"@type\":\"PropertyValueSpecification\",\"valueRequired\":true,\"valueName\":\"search_term_string\"}}],\"inLanguage\":\"fr-FR\"},{\"@type\":\"Organization\",\"@id\":\"https:\\\/\\\/intertaskconferences.com\\\/fr\\\/#organization\",\"name\":\"Intertask Conferences\",\"url\":\"https:\\\/\\\/intertaskconferences.com\\\/fr\\\/\",\"logo\":{\"@type\":\"ImageObject\",\"inLanguage\":\"fr-FR\",\"@id\":\"https:\\\/\\\/intertaskconferences.com\\\/fr\\\/#\\\/schema\\\/logo\\\/image\\\/\",\"url\":\"http:\\\/\\\/intertaskconferences.com\\\/wp-content\\\/uploads\\\/intertask-jpdl-logo-colour.png\",\"contentUrl\":\"http:\\\/\\\/intertaskconferences.com\\\/wp-content\\\/uploads\\\/intertask-jpdl-logo-colour.png\",\"width\":1196,\"height\":219,\"caption\":\"Intertask Conferences\"},\"image\":{\"@id\":\"https:\\\/\\\/intertaskconferences.com\\\/fr\\\/#\\\/schema\\\/logo\\\/image\\\/\"}}]}<\/script>\n<!-- \/ Yoast SEO plugin. -->","yoast_head_json":{"title":"\u00c9tude de cas - Intertask Conferences","robots":{"index":"index","follow":"follow","max-snippet":"max-snippet:-1","max-image-preview":"max-image-preview:large","max-video-preview":"max-video-preview:-1"},"canonical":"https:\/\/intertaskconferences.com\/fr\/etude-de-cas\/","og_locale":"fr_FR","og_type":"article","og_title":"\u00c9tude de cas - Intertask Conferences","og_url":"https:\/\/intertaskconferences.com\/fr\/etude-de-cas\/","og_site_name":"Intertask Conferences","article_modified_time":"2023-10-22T23:46:21+00:00","twitter_card":"summary_large_image","schema":{"@context":"https:\/\/schema.org","@graph":[{"@type":"WebPage","@id":"https:\/\/intertaskconferences.com\/fr\/etude-de-cas\/","url":"https:\/\/intertaskconferences.com\/fr\/etude-de-cas\/","name":"\u00c9tude de cas - Intertask Conferences","isPartOf":{"@id":"https:\/\/intertaskconferences.com\/fr\/#website"},"datePublished":"2022-07-27T20:27:11+00:00","dateModified":"2023-10-22T23:46:21+00:00","breadcrumb":{"@id":"https:\/\/intertaskconferences.com\/fr\/etude-de-cas\/#breadcrumb"},"inLanguage":"fr-FR","potentialAction":[{"@type":"ReadAction","target":["https:\/\/intertaskconferences.com\/fr\/etude-de-cas\/"]}]},{"@type":"BreadcrumbList","@id":"https:\/\/intertaskconferences.com\/fr\/etude-de-cas\/#breadcrumb","itemListElement":[{"@type":"ListItem","position":1,"name":"Home","item":"https:\/\/intertaskconferences.com\/fr\/"},{"@type":"ListItem","position":2,"name":"\u00c9tude de cas"}]},{"@type":"WebSite","@id":"https:\/\/intertaskconferences.com\/fr\/#website","url":"https:\/\/intertaskconferences.com\/fr\/","name":"Intertask Conferences","description":"","publisher":{"@id":"https:\/\/intertaskconferences.com\/fr\/#organization"},"potentialAction":[{"@type":"SearchAction","target":{"@type":"EntryPoint","urlTemplate":"https:\/\/intertaskconferences.com\/fr\/?s={search_term_string}"},"query-input":{"@type":"PropertyValueSpecification","valueRequired":true,"valueName":"search_term_string"}}],"inLanguage":"fr-FR"},{"@type":"Organization","@id":"https:\/\/intertaskconferences.com\/fr\/#organization","name":"Intertask Conferences","url":"https:\/\/intertaskconferences.com\/fr\/","logo":{"@type":"ImageObject","inLanguage":"fr-FR","@id":"https:\/\/intertaskconferences.com\/fr\/#\/schema\/logo\/image\/","url":"http:\/\/intertaskconferences.com\/wp-content\/uploads\/intertask-jpdl-logo-colour.png","contentUrl":"http:\/\/intertaskconferences.com\/wp-content\/uploads\/intertask-jpdl-logo-colour.png","width":1196,"height":219,"caption":"Intertask Conferences"},"image":{"@id":"https:\/\/intertaskconferences.com\/fr\/#\/schema\/logo\/image\/"}}]}},"_links":{"self":[{"href":"https:\/\/intertaskconferences.com\/fr\/wp-json\/wp\/v2\/pages\/925","targetHints":{"allow":["GET"]}}],"collection":[{"href":"https:\/\/intertaskconferences.com\/fr\/wp-json\/wp\/v2\/pages"}],"about":[{"href":"https:\/\/intertaskconferences.com\/fr\/wp-json\/wp\/v2\/types\/page"}],"author":[{"embeddable":true,"href":"https:\/\/intertaskconferences.com\/fr\/wp-json\/wp\/v2\/users\/5"}],"replies":[{"embeddable":true,"href":"https:\/\/intertaskconferences.com\/fr\/wp-json\/wp\/v2\/comments?post=925"}],"version-history":[{"count":0,"href":"https:\/\/intertaskconferences.com\/fr\/wp-json\/wp\/v2\/pages\/925\/revisions"}],"wp:attachment":[{"href":"https:\/\/intertaskconferences.com\/fr\/wp-json\/wp\/v2\/media?parent=925"}],"curies":[{"name":"wp","href":"https:\/\/api.w.org\/{rel}","templated":true}]}}