{"id":921,"date":"2022-07-27T16:27:28","date_gmt":"2022-07-27T20:27:28","guid":{"rendered":"http:\/\/localhost:10058\/careers\/"},"modified":"2023-08-31T15:13:06","modified_gmt":"2023-08-31T19:13:06","slug":"carrieres","status":"publish","type":"page","link":"https:\/\/intertaskconferences.com\/fr\/carrieres\/","title":{"rendered":"Carri\u00e8res"},"content":{"rendered":"    <div class=\"row hero flex align-center\" id=\"\">\n        <div class=\"wrap\" data-aos=\"fade-up\" data-aos-delay=\"200\">\n            <div class=\"hero--inner flex\">\n\n                <div class=\"hero--inner-title w-50\">\n                    <h1>\n                        Carri\u00e8res                        <span class=\"hero-h c-green\"><\/span>\n                    <\/h1>\n                                                        <\/div>\n\n                                    <div class=\"hero--inner-image w-50\">\n                                                <div class=\"hero--inner-image-wrap single\">\n                                                            <img decoding=\"async\" class=\"img\" src=\"https:\/\/intertaskconferences.com\/wp-content\/uploads\/GettyImages-1202045389.jpg\" alt=\"\" \/>\n                                                    <\/div>\n                    <\/div>\n                \n            <\/div>\n        <\/div>\n    <\/div>\n\n\n<div style=\"height:52px\" aria-hidden=\"true\" class=\"wp-block-spacer\"><\/div>\n\n\n\n<div class=\"wp-block-group alignwide block-card-single\"><div class=\"wp-block-group__inner-container is-layout-flow wp-block-group-is-layout-flow\">\n<div class=\"wp-block-columns are-vertically-aligned-center is-layout-flex wp-container-core-columns-is-layout-9d6595d7 wp-block-columns-is-layout-flex\">\n<div class=\"wp-block-column is-vertically-aligned-center is-layout-flow wp-block-column-is-layout-flow\">\n<h2 class=\"wp-block-heading has-text-color\" style=\"color:#005470\"><strong>Dynamique, professionnelle et en croissance.<\/strong><\/h2>\n\n\n\n<p>Intertask Conferences est toujours \u00e0 la recherche de nouveaux talents prometteurs pour nous maintenir \u00e0 l\u2019avant-garde du secteur des \u00e9v\u00e9nements d\u2019affaires.<\/p>\n<\/div>\n\n\n\n<div class=\"wp-block-column is-vertically-aligned-center is-layout-flow wp-block-column-is-layout-flow\">    <div id=\"card-block_234e42b7b7e0f926242a75349a5ea5e7\" class=\"block-collage-images\">\n                <div class=\"half\">\n                            <img decoding=\"async\" class=\"img\" src=\"https:\/\/intertaskconferences.com\/wp-content\/uploads\/pexels-fauxels-3182801-copy-scaled.jpg\" alt=\"\" \/>\n                            <img decoding=\"async\" class=\"img\" src=\"https:\/\/intertaskconferences.com\/wp-content\/uploads\/mikael-kristenson-3aVlWP-7bg8-unsplash-scaled.jpg\" alt=\"People watching a conference \" \/>\n                    <\/div>\n    <\/div>\n<\/div>\n<\/div>\n<\/div><\/div>\n\n\n\n<div style=\"height:79px\" aria-hidden=\"true\" class=\"wp-block-spacer\"><\/div>\n\n\n\n<div class=\"wp-block-group alignwide\"><div class=\"wp-block-group__inner-container is-layout-flow wp-block-group-is-layout-flow\">\n<h2 class=\"wp-block-heading\"><strong>Ce que nous offrons<\/strong><\/h2>\n\n\n\n<p class=\"has-medium-font-size\">Nous offrons un milieu de travail dynamique et professionnel, et des occasions de travailler sur des \u00e9v\u00e9nements gouvernementaux ainsi qu\u2019avec les plus grandes associations professionnelles du Canada, de m\u00eame que l\u2019opportunit\u00e9 d\u2019\u00e9voluer au sein de la plus grande famille de planification d\u2019\u00e9v\u00e9nements au pays.<\/p>\n<\/div><\/div>\n\n\n\n<div class=\"wp-block-columns alignwide is-layout-flex wp-container-core-columns-is-layout-e2beec5a wp-block-columns-is-layout-flex\" id=\"services\" style=\"padding-top:0px;padding-bottom:0px\">\n<div class=\"wp-block-column is-layout-flow wp-block-column-is-layout-flow\"><div id=\"services-block_5f45afcb3962eec35f3d8f99c123671c\" class=\"block-service-single\" data-aos=\"fade-up\" data-aos-delay=\"100\">\n    <a href=\"\"><span class=\"visuallyhidden\"><\/span><\/a>    <div class=\"service-title\">\n                    <span class=\"fas fa-check\" aria-hidden=\"true\"><\/span>\n        <h2>R\u00e9mun\u00e9ration all\u00e9chante<\/h2>\n    <\/div>\n    <p>Salaires concurrentiels, appariement des cotisations aux REER, avantages sant\u00e9 et bien-\u00eatre, et partage des profits.<\/p>\n<\/div><\/div>\n\n\n\n<div class=\"wp-block-column is-layout-flow wp-block-column-is-layout-flow\"><div id=\"services-block_78b651551c093ed47daec756157305a8\" class=\"block-service-single\" data-aos=\"fade-up\" data-aos-delay=\"100\">\n    <a href=\"\"><span class=\"visuallyhidden\"><\/span><\/a>    <div class=\"service-title\">\n                    <span class=\"fas fa-check\" aria-hidden=\"true\"><\/span>\n        <h2>Environnement de travail flexible<\/h2>\n    <\/div>\n    <p>Au bureau (centre-ville d\u2019Ottawa), \u00e0 distance ou en mode hybride.<\/p>\n<\/div><\/div>\n\n\n\n<div class=\"wp-block-column is-layout-flow wp-block-column-is-layout-flow\"><div id=\"services-block_4f419694437d9a1f802051adb3a905e6\" class=\"block-service-single\" data-aos=\"fade-up\" data-aos-delay=\"100\">\n    <a href=\"\"><span class=\"visuallyhidden\"><\/span><\/a>    <div class=\"service-title\">\n                    <span class=\"fas fa-check\" aria-hidden=\"true\"><\/span>\n        <h2>Diversit\u00e9 du travail<\/h2>\n    <\/div>\n    <p>Entre les projets annuels r\u00e9guliers et les nouveaux clients et services, aucun jour ne se ressemble.<\/p>\n<\/div><\/div>\n<\/div>\n\n\n\n<div class=\"wp-block-columns alignwide is-layout-flex wp-container-core-columns-is-layout-2f7b8afc wp-block-columns-is-layout-flex\" id=\"services\" style=\"padding-top:2rem;padding-right:0rem;padding-bottom:0rem;padding-left:0rem\">\n<div class=\"wp-block-column is-layout-flow wp-block-column-is-layout-flow\"><div id=\"services-block_0a6be99c6983e25099b0a9fe971eb337\" class=\"block-service-single\" data-aos=\"fade-up\" data-aos-delay=\"100\">\n    <a href=\"\"><span class=\"visuallyhidden\"><\/span><\/a>    <div class=\"service-title\">\n                    <span class=\"fas fa-check\" aria-hidden=\"true\"><\/span>\n        <h2>Entreprise nationale<\/h2>\n    <\/div>\n    <p>Occasions de se d\u00e9placer et de croitre, gr\u00e2ce \u00e0 nos bureaux \u00e0 Montr\u00e9al, Qu\u00e9bec, Tremblant, Toronto\/Niagara, l\u2019Ouest canadien, et Hawa\u00ef.<\/p>\n<\/div><\/div>\n\n\n\n<div class=\"wp-block-column is-layout-flow wp-block-column-is-layout-flow\"><div id=\"services-block_42507e2185ea60372fcf7137e86da2bc\" class=\"block-service-single\" data-aos=\"fade-up\" data-aos-delay=\"100\">\n    <a href=\"\"><span class=\"visuallyhidden\"><\/span><\/a>    <div class=\"service-title\">\n                    <span class=\"fas fa-check\" aria-hidden=\"true\"><\/span>\n        <h2>D\u00e9veloppement professionnel<\/h2>\n    <\/div>\n    <p>Voyages \u00e0 travers le pays et \u00e0 l\u2019\u00e9chelle internationale pour livrer des projets sur le terrain et participer \u00e0 des congr\u00e8s et des \u00e9v\u00e9nements de l\u2019industrie.<\/p>\n<\/div><\/div>\n\n\n\n<div class=\"wp-block-column is-layout-flow wp-block-column-is-layout-flow\"><\/div>\n<\/div>\n\n\n\n<div class=\"wp-block-group alignwide\"><div class=\"wp-block-group__inner-container is-layout-flow wp-block-group-is-layout-flow\">\n<h2 class=\"wp-block-heading\"><strong>Postes vacants<\/strong><\/h2>\n\n\n<div id=\"card-block_84c59f602a9c90463e89d2de915cac08\" class=\"row block-current-openings\">\n    <div class=\"block-current-openings--inner\">\n        <h2 class=\"h3 c-blue\"><\/h2>\n        <div class=\"grid grid-2-col gap-grid\">\n                    <\/div>\n    <\/div>\n<\/div><\/div><\/div>\n\n\n\n<div class=\"wp-block-columns alignwide are-vertically-aligned-center is-layout-flex wp-container-core-columns-is-layout-9d6595d7 wp-block-columns-is-layout-flex\">\n<div class=\"wp-block-column is-vertically-aligned-center is-layout-flow wp-block-column-is-layout-flow\">\n<h2 class=\"wp-block-heading\"><strong>Aucun de ces postes vous int\u00e9resse mais vous voulez tout de m\u00eame travailler avec nous?<\/strong><\/h2>\n<\/div>\n\n\n\n<div class=\"wp-block-column is-vertically-aligned-center is-layout-flow wp-block-column-is-layout-flow\"><div class=\"row block-text-links\" data-aos=\"fade-up\" data-aos-delay=\"200\">\n    <div class=\"block-jump-links-menu--inner\">\n        <nav class=\"block-jump-links-menu--inner-nav\">\n                            <div class=\"block-text--inner-links\">\n                    <a class=\"h2 cta c-blue\" href=\"http:\/\/intertaskconferences.com\/contact\/\">\n                        Contactez-nous                    <\/a>\n                <\/div>\n                    <\/nav>\n    <\/div>\n<\/div><\/div>\n<\/div>\n","protected":false},"excerpt":{"rendered":"<p>Dynamique, professionnelle et en croissance. Intertask Conferences est toujours \u00e0 la recherche de nouveaux talents prometteurs pour nous maintenir \u00e0 l\u2019avant-garde du secteur des \u00e9v\u00e9nements d\u2019affaires. Ce que nous offrons Nous offrons un milieu de travail dynamique et professionnel, et des occasions de travailler sur des \u00e9v\u00e9nements gouvernementaux ainsi qu\u2019avec les plus grandes associations professionnelles [&hellip;]<\/p>\n","protected":false},"author":5,"featured_media":651,"parent":0,"menu_order":0,"comment_status":"closed","ping_status":"closed","template":"","meta":{"_acf_changed":false,"_genesis_hide_title":false,"_genesis_hide_breadcrumbs":false,"_genesis_hide_singular_image":false,"_genesis_hide_footer_widgets":false,"_genesis_custom_body_class":"","_genesis_custom_post_class":"","_genesis_layout":"","footnotes":""},"class_list":{"0":"post-921","1":"page","2":"type-page","3":"status-publish","4":"has-post-thumbnail","6":"entry"},"acf":[],"yoast_head":"<!-- This site is optimized with the Yoast SEO plugin v27.3 - https:\/\/yoast.com\/product\/yoast-seo-wordpress\/ -->\n<title>Carri\u00e8res - Intertask Conferences<\/title>\n<meta name=\"robots\" content=\"index, follow, max-snippet:-1, max-image-preview:large, max-video-preview:-1\" \/>\n<link rel=\"canonical\" href=\"https:\/\/intertaskconferences.com\/fr\/carrieres\/\" \/>\n<meta property=\"og:locale\" content=\"fr_FR\" \/>\n<meta property=\"og:type\" content=\"article\" \/>\n<meta property=\"og:title\" content=\"Carri\u00e8res - Intertask Conferences\" \/>\n<meta property=\"og:description\" content=\"Dynamique, professionnelle et en croissance. Intertask Conferences est toujours \u00e0 la recherche de nouveaux talents prometteurs pour nous maintenir \u00e0 l\u2019avant-garde du secteur des \u00e9v\u00e9nements d\u2019affaires. Ce que nous offrons Nous offrons un milieu de travail dynamique et professionnel, et des occasions de travailler sur des \u00e9v\u00e9nements gouvernementaux ainsi qu\u2019avec les plus grandes associations professionnelles [&hellip;]\" \/>\n<meta property=\"og:url\" content=\"https:\/\/intertaskconferences.com\/fr\/carrieres\/\" \/>\n<meta property=\"og:site_name\" content=\"Intertask Conferences\" \/>\n<meta property=\"article:modified_time\" content=\"2023-08-31T19:13:06+00:00\" \/>\n<meta property=\"og:image\" content=\"https:\/\/intertaskconferences.com\/wp-content\/uploads\/GettyImages-1202045389.jpg\" \/>\n\t<meta property=\"og:image:width\" content=\"1000\" \/>\n\t<meta property=\"og:image:height\" content=\"642\" \/>\n\t<meta property=\"og:image:type\" content=\"image\/jpeg\" \/>\n<meta name=\"twitter:card\" content=\"summary_large_image\" \/>\n<meta name=\"twitter:label1\" content=\"Dur\u00e9e de lecture estim\u00e9e\" \/>\n\t<meta name=\"twitter:data1\" content=\"1 minute\" \/>\n<script type=\"application\/ld+json\" class=\"yoast-schema-graph\">{\"@context\":\"https:\\\/\\\/schema.org\",\"@graph\":[{\"@type\":\"WebPage\",\"@id\":\"https:\\\/\\\/intertaskconferences.com\\\/fr\\\/carrieres\\\/\",\"url\":\"https:\\\/\\\/intertaskconferences.com\\\/fr\\\/carrieres\\\/\",\"name\":\"Carri\u00e8res - Intertask Conferences\",\"isPartOf\":{\"@id\":\"https:\\\/\\\/intertaskconferences.com\\\/fr\\\/#website\"},\"primaryImageOfPage\":{\"@id\":\"https:\\\/\\\/intertaskconferences.com\\\/fr\\\/carrieres\\\/#primaryimage\"},\"image\":{\"@id\":\"https:\\\/\\\/intertaskconferences.com\\\/fr\\\/carrieres\\\/#primaryimage\"},\"thumbnailUrl\":\"https:\\\/\\\/intertaskconferences.com\\\/wp-content\\\/uploads\\\/GettyImages-1202045389.jpg\",\"datePublished\":\"2022-07-27T20:27:28+00:00\",\"dateModified\":\"2023-08-31T19:13:06+00:00\",\"breadcrumb\":{\"@id\":\"https:\\\/\\\/intertaskconferences.com\\\/fr\\\/carrieres\\\/#breadcrumb\"},\"inLanguage\":\"fr-FR\",\"potentialAction\":[{\"@type\":\"ReadAction\",\"target\":[\"https:\\\/\\\/intertaskconferences.com\\\/fr\\\/carrieres\\\/\"]}]},{\"@type\":\"ImageObject\",\"inLanguage\":\"fr-FR\",\"@id\":\"https:\\\/\\\/intertaskconferences.com\\\/fr\\\/carrieres\\\/#primaryimage\",\"url\":\"https:\\\/\\\/intertaskconferences.com\\\/wp-content\\\/uploads\\\/GettyImages-1202045389.jpg\",\"contentUrl\":\"https:\\\/\\\/intertaskconferences.com\\\/wp-content\\\/uploads\\\/GettyImages-1202045389.jpg\",\"width\":1000,\"height\":642},{\"@type\":\"BreadcrumbList\",\"@id\":\"https:\\\/\\\/intertaskconferences.com\\\/fr\\\/carrieres\\\/#breadcrumb\",\"itemListElement\":[{\"@type\":\"ListItem\",\"position\":1,\"name\":\"Home\",\"item\":\"https:\\\/\\\/intertaskconferences.com\\\/fr\\\/\"},{\"@type\":\"ListItem\",\"position\":2,\"name\":\"Carri\u00e8res\"}]},{\"@type\":\"WebSite\",\"@id\":\"https:\\\/\\\/intertaskconferences.com\\\/fr\\\/#website\",\"url\":\"https:\\\/\\\/intertaskconferences.com\\\/fr\\\/\",\"name\":\"Intertask Conferences\",\"description\":\"\",\"publisher\":{\"@id\":\"https:\\\/\\\/intertaskconferences.com\\\/fr\\\/#organization\"},\"potentialAction\":[{\"@type\":\"SearchAction\",\"target\":{\"@type\":\"EntryPoint\",\"urlTemplate\":\"https:\\\/\\\/intertaskconferences.com\\\/fr\\\/?s={search_term_string}\"},\"query-input\":{\"@type\":\"PropertyValueSpecification\",\"valueRequired\":true,\"valueName\":\"search_term_string\"}}],\"inLanguage\":\"fr-FR\"},{\"@type\":\"Organization\",\"@id\":\"https:\\\/\\\/intertaskconferences.com\\\/fr\\\/#organization\",\"name\":\"Intertask Conferences\",\"url\":\"https:\\\/\\\/intertaskconferences.com\\\/fr\\\/\",\"logo\":{\"@type\":\"ImageObject\",\"inLanguage\":\"fr-FR\",\"@id\":\"https:\\\/\\\/intertaskconferences.com\\\/fr\\\/#\\\/schema\\\/logo\\\/image\\\/\",\"url\":\"http:\\\/\\\/intertaskconferences.com\\\/wp-content\\\/uploads\\\/intertask-jpdl-logo-colour.png\",\"contentUrl\":\"http:\\\/\\\/intertaskconferences.com\\\/wp-content\\\/uploads\\\/intertask-jpdl-logo-colour.png\",\"width\":1196,\"height\":219,\"caption\":\"Intertask Conferences\"},\"image\":{\"@id\":\"https:\\\/\\\/intertaskconferences.com\\\/fr\\\/#\\\/schema\\\/logo\\\/image\\\/\"}}]}<\/script>\n<!-- \/ Yoast SEO plugin. -->","yoast_head_json":{"title":"Carri\u00e8res - Intertask Conferences","robots":{"index":"index","follow":"follow","max-snippet":"max-snippet:-1","max-image-preview":"max-image-preview:large","max-video-preview":"max-video-preview:-1"},"canonical":"https:\/\/intertaskconferences.com\/fr\/carrieres\/","og_locale":"fr_FR","og_type":"article","og_title":"Carri\u00e8res - Intertask Conferences","og_description":"Dynamique, professionnelle et en croissance. Intertask Conferences est toujours \u00e0 la recherche de nouveaux talents prometteurs pour nous maintenir \u00e0 l\u2019avant-garde du secteur des \u00e9v\u00e9nements d\u2019affaires. Ce que nous offrons Nous offrons un milieu de travail dynamique et professionnel, et des occasions de travailler sur des \u00e9v\u00e9nements gouvernementaux ainsi qu\u2019avec les plus grandes associations professionnelles [&hellip;]","og_url":"https:\/\/intertaskconferences.com\/fr\/carrieres\/","og_site_name":"Intertask Conferences","article_modified_time":"2023-08-31T19:13:06+00:00","og_image":[{"width":1000,"height":642,"url":"https:\/\/intertaskconferences.com\/wp-content\/uploads\/GettyImages-1202045389.jpg","type":"image\/jpeg"}],"twitter_card":"summary_large_image","twitter_misc":{"Dur\u00e9e de lecture estim\u00e9e":"1 minute"},"schema":{"@context":"https:\/\/schema.org","@graph":[{"@type":"WebPage","@id":"https:\/\/intertaskconferences.com\/fr\/carrieres\/","url":"https:\/\/intertaskconferences.com\/fr\/carrieres\/","name":"Carri\u00e8res - Intertask Conferences","isPartOf":{"@id":"https:\/\/intertaskconferences.com\/fr\/#website"},"primaryImageOfPage":{"@id":"https:\/\/intertaskconferences.com\/fr\/carrieres\/#primaryimage"},"image":{"@id":"https:\/\/intertaskconferences.com\/fr\/carrieres\/#primaryimage"},"thumbnailUrl":"https:\/\/intertaskconferences.com\/wp-content\/uploads\/GettyImages-1202045389.jpg","datePublished":"2022-07-27T20:27:28+00:00","dateModified":"2023-08-31T19:13:06+00:00","breadcrumb":{"@id":"https:\/\/intertaskconferences.com\/fr\/carrieres\/#breadcrumb"},"inLanguage":"fr-FR","potentialAction":[{"@type":"ReadAction","target":["https:\/\/intertaskconferences.com\/fr\/carrieres\/"]}]},{"@type":"ImageObject","inLanguage":"fr-FR","@id":"https:\/\/intertaskconferences.com\/fr\/carrieres\/#primaryimage","url":"https:\/\/intertaskconferences.com\/wp-content\/uploads\/GettyImages-1202045389.jpg","contentUrl":"https:\/\/intertaskconferences.com\/wp-content\/uploads\/GettyImages-1202045389.jpg","width":1000,"height":642},{"@type":"BreadcrumbList","@id":"https:\/\/intertaskconferences.com\/fr\/carrieres\/#breadcrumb","itemListElement":[{"@type":"ListItem","position":1,"name":"Home","item":"https:\/\/intertaskconferences.com\/fr\/"},{"@type":"ListItem","position":2,"name":"Carri\u00e8res"}]},{"@type":"WebSite","@id":"https:\/\/intertaskconferences.com\/fr\/#website","url":"https:\/\/intertaskconferences.com\/fr\/","name":"Intertask Conferences","description":"","publisher":{"@id":"https:\/\/intertaskconferences.com\/fr\/#organization"},"potentialAction":[{"@type":"SearchAction","target":{"@type":"EntryPoint","urlTemplate":"https:\/\/intertaskconferences.com\/fr\/?s={search_term_string}"},"query-input":{"@type":"PropertyValueSpecification","valueRequired":true,"valueName":"search_term_string"}}],"inLanguage":"fr-FR"},{"@type":"Organization","@id":"https:\/\/intertaskconferences.com\/fr\/#organization","name":"Intertask Conferences","url":"https:\/\/intertaskconferences.com\/fr\/","logo":{"@type":"ImageObject","inLanguage":"fr-FR","@id":"https:\/\/intertaskconferences.com\/fr\/#\/schema\/logo\/image\/","url":"http:\/\/intertaskconferences.com\/wp-content\/uploads\/intertask-jpdl-logo-colour.png","contentUrl":"http:\/\/intertaskconferences.com\/wp-content\/uploads\/intertask-jpdl-logo-colour.png","width":1196,"height":219,"caption":"Intertask Conferences"},"image":{"@id":"https:\/\/intertaskconferences.com\/fr\/#\/schema\/logo\/image\/"}}]}},"_links":{"self":[{"href":"https:\/\/intertaskconferences.com\/fr\/wp-json\/wp\/v2\/pages\/921","targetHints":{"allow":["GET"]}}],"collection":[{"href":"https:\/\/intertaskconferences.com\/fr\/wp-json\/wp\/v2\/pages"}],"about":[{"href":"https:\/\/intertaskconferences.com\/fr\/wp-json\/wp\/v2\/types\/page"}],"author":[{"embeddable":true,"href":"https:\/\/intertaskconferences.com\/fr\/wp-json\/wp\/v2\/users\/5"}],"replies":[{"embeddable":true,"href":"https:\/\/intertaskconferences.com\/fr\/wp-json\/wp\/v2\/comments?post=921"}],"version-history":[{"count":0,"href":"https:\/\/intertaskconferences.com\/fr\/wp-json\/wp\/v2\/pages\/921\/revisions"}],"wp:featuredmedia":[{"embeddable":true,"href":"https:\/\/intertaskconferences.com\/fr\/wp-json\/wp\/v2\/media\/651"}],"wp:attachment":[{"href":"https:\/\/intertaskconferences.com\/fr\/wp-json\/wp\/v2\/media?parent=921"}],"curies":[{"name":"wp","href":"https:\/\/api.w.org\/{rel}","templated":true}]}}