{"id":919,"date":"2022-07-27T16:08:06","date_gmt":"2022-07-27T20:08:06","guid":{"rendered":"http:\/\/localhost:10058\/digital-services\/"},"modified":"2023-08-31T15:16:17","modified_gmt":"2023-08-31T19:16:17","slug":"services-numeriques","status":"publish","type":"page","link":"https:\/\/intertaskconferences.com\/fr\/services-numeriques\/","title":{"rendered":"Services num\u00e9riques"},"content":{"rendered":"    <div class=\"row hero flex align-center\" id=\"\">\n        <div class=\"wrap\" data-aos=\"fade-up\" data-aos-delay=\"200\">\n            <div class=\"hero--inner flex\">\n\n                <div class=\"hero--inner-title w-50\">\n                    <h1>\n                        Services num\u00e9riques                        <span class=\"hero-h c-green\"><\/span>\n                    <\/h1>\n                                                        <\/div>\n\n                                    <div class=\"hero--inner-image w-50\">\n                                                <div class=\"hero--inner-image-wrap single\">\n                                                            <img decoding=\"async\" class=\"img\" src=\"https:\/\/intertaskconferences.com\/wp-content\/uploads\/GettyImages-1164421718.jpg\" alt=\"\" \/>\n                                                    <\/div>\n                    <\/div>\n                \n            <\/div>\n        <\/div>\n    <\/div>\n\n\n<div class=\"wp-block-group alignwide w-60\" id=\"intro\"><div class=\"wp-block-group__inner-container is-layout-flow wp-block-group-is-layout-flow\">\n<p>De la planification \u00e0 la gestion de projet, en passant par la s\u00e9lection d\u2019une plateforme num\u00e9rique et la n\u00e9gociation de contrats avec les fournisseurs \u2013 nous avons toujours une solution adapt\u00e9e \u00e0 vos besoins.<\/p>\n<\/div><\/div>\n\n\n\n<div class=\"wp-block-columns alignwide is-layout-flex wp-container-core-columns-is-layout-9d6595d7 wp-block-columns-is-layout-flex\" id=\"services\">\n<div class=\"wp-block-column is-layout-flow wp-block-column-is-layout-flow\"><div id=\"services-block_d624e253d3c2ee3b98f8d142ee5caffe\" class=\"block-service-single\" data-aos=\"fade-up\" data-aos-delay=\"100\">\n    <a href=\"\"><span class=\"visuallyhidden\"><\/span><\/a>    <div class=\"service-title\">\n                    <span class=\"fas fa-project-diagram\" aria-hidden=\"true\"><\/span>\n        <h2>Planification, gestion et logistique de projets<\/h2>\n    <\/div>\n    <p>Les d\u00e9lais de planification d\u2019\u00e9v\u00e9nements virtuels sont plus pr\u00e9caires que ceux d\u2019\u00e9v\u00e9nements en pr\u00e9sentiel. Nous connaissons bien la diff\u00e9rence et int\u00e9grons ces connaissances dans le calendrier pour nous assurer que tout le monde reste sur la bonne voie.<\/p>\n<\/div>\n\n<div id=\"services-block_2d0f6f09033691409f0f85dbe1fa81ed\" class=\"block-service-single\" data-aos=\"fade-up\" data-aos-delay=\"100\">\n    <a href=\"\"><span class=\"visuallyhidden\"><\/span><\/a>    <div class=\"service-title\">\n                    <span class=\"fas fa-user-check\" aria-hidden=\"true\"><\/span>\n        <h2>Inscription<\/h2>\n    <\/div>\n    <p>Comme avec les \u00e9v\u00e9nements en personne, nous mettons sur pied le secr\u00e9tariat du congr\u00e8s et r\u00e9pondons \u00e0 toutes les requ\u00eates des d\u00e9l\u00e9gu\u00e9s, et nous programmons le syst\u00e8me d\u2019inscription afin que vos rapports produits suivant l\u2019\u00e9v\u00e9nement g\u00e9n\u00e8rent les indicateurs que vous recherchez.<\/p>\n<\/div>\n\n<div id=\"services-block_5106d027f2c44940915ec475d03d967a\" class=\"block-service-single\" data-aos=\"fade-up\" data-aos-delay=\"100\">\n    <a href=\"\"><span class=\"visuallyhidden\"><\/span><\/a>    <div class=\"service-title\">\n                    <span class=\"fas fa-volume-up\" aria-hidden=\"true\"><\/span>\n        <h2>Conf\u00e9renciers virtuels<\/h2>\n    <\/div>\n    <p>Un conf\u00e9rencier remarquable en personne ne fait pas toujours d\u2019\u00e9clats en format num\u00e9rique. Nous travaillons de pr\u00e8s avec les conf\u00e9renciers et les mod\u00e9rateurs afin de s\u2019assurer qu\u2019ils sont \u00e0 l\u2019aise avec la technologie, qu\u2019ils ont un environnement virtuel professionnel, qu\u2019ils connaissent les \u00e9ch\u00e9anciers stricts des \u00e9v\u00e9nements virtuels, et nous nous assurons que leurs pr\u00e9sentations sont professionnelles et rehaussent votre programme.<\/p>\n<\/div>\n\n<div id=\"services-block_6d77f1c91176be1a6daf20236893bfa0\" class=\"block-service-single\" data-aos=\"fade-up\" data-aos-delay=\"100\">\n    <a href=\"\"><span class=\"visuallyhidden\"><\/span><\/a>    <div class=\"service-title\">\n                    <span class=\"fas fa-handshake\" aria-hidden=\"true\"><\/span>\n        <h2> D\u00e9veloppement, vente et livraison du programme de commandite virtuelle<\/h2>\n    <\/div>\n    <p>Les avantages d\u2019actifs de commandite virtuelle diff\u00e8rent des \u00e9v\u00e9nements en pr\u00e9sentiel. Nous \u00e9valuons les occasions de commandite dans le cadre de notre \u00e9valuation initiale des plateformes. Nous savons comment communiquer la valeur de la commandite virtuelle \u00e0 nos commanditaires potentiels. Nous traitons les paiements et nous assurons que ce qui a \u00e9t\u00e9 promis fut livr\u00e9 \u2013 avant, pendant et apr\u00e8s l\u2019\u00e9v\u00e9nement.<\/p>\n<\/div>\n\n<div id=\"services-block_5ac6895daf0e9451ff76d1e8d9b1cd57\" class=\"block-service-single\" data-aos=\"fade-up\" data-aos-delay=\"100\">\n    <a href=\"\"><span class=\"visuallyhidden\"><\/span><\/a>    <div class=\"service-title\">\n                    <span class=\"fas fa-clipboard-list\" aria-hidden=\"true\"><\/span>\n        <h2>Rapports suivant l\u2019\u00e9v\u00e9nement<\/h2>\n    <\/div>\n    <p>Les plateformes virtuelles peuvent g\u00e9n\u00e9rer une gamme d\u2019indicateurs. Nous identifions la capacit\u00e9 de production d\u2019indicateurs de chaque plateforme durant notre \u00e9valuation initiale, ce qui jette les bases pour la plupart des rapports produits suivant les \u00e9v\u00e9nements virtuels. <\/p>\n<\/div><\/div>\n\n\n\n<div class=\"wp-block-column is-layout-flow wp-block-column-is-layout-flow\"><div id=\"services-block_2d28c0577cd22292a88600cfb36a2607\" class=\"block-service-single\" data-aos=\"fade-up\" data-aos-delay=\"100\">\n    <a href=\"\"><span class=\"visuallyhidden\"><\/span><\/a>    <div class=\"service-title\">\n                    <span class=\"fas fa-laptop-code\" aria-hidden=\"true\"><\/span>\n        <h2>S\u00e9lection et n\u00e9gociation d\u2019une plateforme num\u00e9rique<\/h2>\n    <\/div>\n    <p>Le nombre de plateformes num\u00e9riques peut \u00eatre accablant. Nous sommes familiers avec plusieurs d\u2019entres elles, et ceci nous sauve du temps d\u00e8s le d\u00e9part. Nous aidons \u00e0 pr\u00e9ciser les fonctions dont vous avez besoin et confirmons si celles-ci doivent s\u2019arrimer avec d\u2019autres technologies, pour ensuite utiliser une approche syst\u00e9matique pour d\u00e9cortiquer les d\u00e9clarations de marketing et identifier les fonctions qui g\u00e9n\u00e8rent r\u00e9ellement de la valeur pour nos clients.<\/p>\n<\/div>\n\n<div id=\"services-block_791a3480b8f11ddafe1c98d39f3712bf\" class=\"block-service-single\" data-aos=\"fade-up\" data-aos-delay=\"100\">\n    <a href=\"\"><span class=\"visuallyhidden\"><\/span><\/a>    <div class=\"service-title\">\n                    <span class=\"fas fa-shapes\" aria-hidden=\"true\"><\/span>\n        <h2>Gestion des r\u00e9sum\u00e9s<\/h2>\n    <\/div>\n    <p>Nous g\u00e9rons le processus de r\u00e9vision des r\u00e9sum\u00e9s du d\u00e9but \u00e0 la fin. Nous recevons les soumissions de r\u00e9sum\u00e9s, les distribuons au comit\u00e9 d\u2019\u00e9valuation, et nous avisons les auteurs des r\u00e9sultats. C\u2019est un processus transparent et simple pour tous.<\/p>\n<\/div>\n\n<div id=\"services-block_6abd766ebbac8a3f026d2b2c3ef313d2\" class=\"block-service-single\" data-aos=\"fade-up\" data-aos-delay=\"100\">\n    <a href=\"\"><span class=\"visuallyhidden\"><\/span><\/a>    <div class=\"service-title\">\n                    <span class=\"fas fa-microphone-alt\" aria-hidden=\"true\"><\/span>\n        <h2>Orientation des conf\u00e9renciers pour la gestion des s\u00e9ances de questions-r\u00e9ponses et des forums de discussion<\/h2>\n    <\/div>\n    <p>Bien qu\u2019il soit important de saisir les questions pos\u00e9es en cours de route et continuer \u00e0 faire avancer la s\u00e9ance, ce sont souvent des \u00e9l\u00e9ments n\u00e9glig\u00e9s. Notre exp\u00e9rience nous d\u00e9montre que l\u2019orientation des conf\u00e9renciers virtuels vaut son pesant d\u2019or.<\/p>\n<\/div>\n\n<div id=\"services-block_1cec84d61c0833b4822460e58a845c4f\" class=\"block-service-single\" data-aos=\"fade-up\" data-aos-delay=\"100\">\n    <a href=\"\"><span class=\"visuallyhidden\"><\/span><\/a>    <div class=\"service-title\">\n                    <span class=\"fas fa-shopping-basket\" aria-hidden=\"true\"><\/span>\n        <h2>Vente et gestion de salles d\u2019expositions virtuelles<\/h2>\n    <\/div>\n    <p>Tout comme avec les commandites virtuelles, les salles d\u2019expositions virtuelles requi\u00e8rent une approche diff\u00e9rente des expositions en pr\u00e9sentiel. Cependant, tout comme en personne, on r\u00e9colte ce que l\u2019on s\u00e8me. Nous travaillons de pr\u00e8s avec les exposants pour les aider \u00e0 maximiser les fonctions de la plateforme et \u00e0 g\u00e9n\u00e9rer le plus d\u2019avantages possibles de leur participation \u00e0 votre \u00e9v\u00e9nement.<\/p>\n<\/div><\/div>\n\n\n\n<div class=\"wp-block-column is-layout-flow wp-block-column-is-layout-flow\"><div id=\"services-block_ff03bc53b41c4f5ba22dfb930ddbfbb1\" class=\"block-service-single\" data-aos=\"fade-up\" data-aos-delay=\"100\">\n    <a href=\"\"><span class=\"visuallyhidden\"><\/span><\/a>    <div class=\"service-title\">\n                    <span class=\"fas fa-cogs\" aria-hidden=\"true\"><\/span>\n        <h2>D\u00e9veloppement et programmation de la plateforme<\/h2>\n    <\/div>\n    <p>Garder vos d\u00e9l\u00e9gu\u00e9s virtuels engag\u00e9s requiert une approche diff\u00e9rente \u00e0 la programmation. Nous comprenons le niveau de planification d\u00e9taill\u00e9e et de logistique requis afin de produire un \u00e9v\u00e9nement virtuel de haut calibre.<\/p>\n<\/div>\n\n<div id=\"services-block_32371094e3f91d4f1273511696ef1574\" class=\"block-service-single\" data-aos=\"fade-up\" data-aos-delay=\"100\">\n    <a href=\"\"><span class=\"visuallyhidden\"><\/span><\/a>    <div class=\"service-title\">\n                    <span class=\"fas fa-credit-card\" aria-hidden=\"true\"><\/span>\n        <h2>Gestion financi\u00e8re<\/h2>\n    <\/div>\n    <p>D\u00e9velopper un budget pr\u00e9liminaire, \u00e9tablir un compte en fiducie, mettre en \u0153uvre et surveiller le budget final, s\u2019acquitter des factures des fournisseurs en votre nom, concilier et produire les rapports \u2013 nous administrons les finances de l\u2019\u00e9v\u00e9nement de A \u00e0 Z.<\/p>\n<\/div>\n\n<div id=\"services-block_7622a077bf80790e5f162a8b0623147b\" class=\"block-service-single\" data-aos=\"fade-up\" data-aos-delay=\"100\">\n    <a href=\"\"><span class=\"visuallyhidden\"><\/span><\/a>    <div class=\"service-title\">\n                    <span class=\"fas fa-users\" aria-hidden=\"true\"><\/span>\n        <h2>\u00c9v\u00e9nements virtuels en direct<\/h2>\n    <\/div>\n    <p>Nous travaillons de pr\u00e8s avec le fournisseur de la plateforme pour cr\u00e9er un itin\u00e9raire d\u00e9taill\u00e9 pour chaque jour de l\u2019\u00e9v\u00e9nement. Ceci permet au directeur de la production de la plateforme et notre gestionnaire de projet de surveiller attentivement chaque aspect de la production en direct.<\/p>\n<\/div>\n\n<div id=\"services-block_039f70b507569ae12fe5c3d411d958a8\" class=\"block-service-single\" data-aos=\"fade-up\" data-aos-delay=\"100\">\n    <a href=\"\"><span class=\"visuallyhidden\"><\/span><\/a>    <div class=\"service-title\">\n                    <span class=\"fas fa-bullhorn\" aria-hidden=\"true\"><\/span>\n        <h2>Promotion et marketing<\/h2>\n    <\/div>\n    <p>Nous ferons passer le mot que votre conf\u00e9rence est un \u00e9v\u00e9nement incontournable. Nous nous conformons toujours \u00e0 la Loi canadienne anti-pourriel et aux lignes directrices du R\u00e8glement g\u00e9n\u00e9ral sur la protection des donn\u00e9es (RGPD) dans nos tactiques de communications.<\/p>\n<\/div><\/div>\n<\/div>\n","protected":false},"excerpt":{"rendered":"<p>De la planification \u00e0 la gestion de projet, en passant par la s\u00e9lection d\u2019une plateforme num\u00e9rique et la n\u00e9gociation de contrats avec les fournisseurs \u2013 nous avons toujours une solution adapt\u00e9e \u00e0 vos besoins.<\/p>\n","protected":false},"author":5,"featured_media":0,"parent":0,"menu_order":0,"comment_status":"closed","ping_status":"closed","template":"","meta":{"_acf_changed":false,"_genesis_hide_title":false,"_genesis_hide_breadcrumbs":false,"_genesis_hide_singular_image":false,"_genesis_hide_footer_widgets":false,"_genesis_custom_body_class":"","_genesis_custom_post_class":"","_genesis_layout":"","footnotes":""},"class_list":{"0":"post-919","1":"page","2":"type-page","3":"status-publish","5":"entry"},"acf":[],"yoast_head":"<!-- This site is optimized with the Yoast SEO plugin v27.3 - https:\/\/yoast.com\/product\/yoast-seo-wordpress\/ -->\n<title>Services num\u00e9riques - Intertask Conferences<\/title>\n<meta name=\"robots\" content=\"index, follow, max-snippet:-1, max-image-preview:large, max-video-preview:-1\" \/>\n<link rel=\"canonical\" href=\"https:\/\/intertaskconferences.com\/fr\/services-numeriques\/\" \/>\n<meta property=\"og:locale\" content=\"fr_FR\" \/>\n<meta property=\"og:type\" content=\"article\" \/>\n<meta property=\"og:title\" content=\"Services num\u00e9riques - Intertask Conferences\" \/>\n<meta property=\"og:description\" content=\"De la planification \u00e0 la gestion de projet, en passant par la s\u00e9lection d\u2019une plateforme num\u00e9rique et la n\u00e9gociation de contrats avec les fournisseurs \u2013 nous avons toujours une solution adapt\u00e9e \u00e0 vos besoins.\" \/>\n<meta property=\"og:url\" content=\"https:\/\/intertaskconferences.com\/fr\/services-numeriques\/\" \/>\n<meta property=\"og:site_name\" content=\"Intertask Conferences\" \/>\n<meta property=\"article:modified_time\" content=\"2023-08-31T19:16:17+00:00\" \/>\n<meta name=\"twitter:card\" content=\"summary_large_image\" \/>\n<meta name=\"twitter:label1\" content=\"Dur\u00e9e de lecture estim\u00e9e\" \/>\n\t<meta name=\"twitter:data1\" content=\"1 minute\" \/>\n<script type=\"application\/ld+json\" class=\"yoast-schema-graph\">{\"@context\":\"https:\\\/\\\/schema.org\",\"@graph\":[{\"@type\":\"WebPage\",\"@id\":\"https:\\\/\\\/intertaskconferences.com\\\/fr\\\/services-numeriques\\\/\",\"url\":\"https:\\\/\\\/intertaskconferences.com\\\/fr\\\/services-numeriques\\\/\",\"name\":\"Services num\u00e9riques - Intertask Conferences\",\"isPartOf\":{\"@id\":\"https:\\\/\\\/intertaskconferences.com\\\/fr\\\/#website\"},\"datePublished\":\"2022-07-27T20:08:06+00:00\",\"dateModified\":\"2023-08-31T19:16:17+00:00\",\"breadcrumb\":{\"@id\":\"https:\\\/\\\/intertaskconferences.com\\\/fr\\\/services-numeriques\\\/#breadcrumb\"},\"inLanguage\":\"fr-FR\",\"potentialAction\":[{\"@type\":\"ReadAction\",\"target\":[\"https:\\\/\\\/intertaskconferences.com\\\/fr\\\/services-numeriques\\\/\"]}]},{\"@type\":\"BreadcrumbList\",\"@id\":\"https:\\\/\\\/intertaskconferences.com\\\/fr\\\/services-numeriques\\\/#breadcrumb\",\"itemListElement\":[{\"@type\":\"ListItem\",\"position\":1,\"name\":\"Home\",\"item\":\"https:\\\/\\\/intertaskconferences.com\\\/fr\\\/\"},{\"@type\":\"ListItem\",\"position\":2,\"name\":\"Services num\u00e9riques\"}]},{\"@type\":\"WebSite\",\"@id\":\"https:\\\/\\\/intertaskconferences.com\\\/fr\\\/#website\",\"url\":\"https:\\\/\\\/intertaskconferences.com\\\/fr\\\/\",\"name\":\"Intertask Conferences\",\"description\":\"\",\"publisher\":{\"@id\":\"https:\\\/\\\/intertaskconferences.com\\\/fr\\\/#organization\"},\"potentialAction\":[{\"@type\":\"SearchAction\",\"target\":{\"@type\":\"EntryPoint\",\"urlTemplate\":\"https:\\\/\\\/intertaskconferences.com\\\/fr\\\/?s={search_term_string}\"},\"query-input\":{\"@type\":\"PropertyValueSpecification\",\"valueRequired\":true,\"valueName\":\"search_term_string\"}}],\"inLanguage\":\"fr-FR\"},{\"@type\":\"Organization\",\"@id\":\"https:\\\/\\\/intertaskconferences.com\\\/fr\\\/#organization\",\"name\":\"Intertask Conferences\",\"url\":\"https:\\\/\\\/intertaskconferences.com\\\/fr\\\/\",\"logo\":{\"@type\":\"ImageObject\",\"inLanguage\":\"fr-FR\",\"@id\":\"https:\\\/\\\/intertaskconferences.com\\\/fr\\\/#\\\/schema\\\/logo\\\/image\\\/\",\"url\":\"http:\\\/\\\/intertaskconferences.com\\\/wp-content\\\/uploads\\\/intertask-jpdl-logo-colour.png\",\"contentUrl\":\"http:\\\/\\\/intertaskconferences.com\\\/wp-content\\\/uploads\\\/intertask-jpdl-logo-colour.png\",\"width\":1196,\"height\":219,\"caption\":\"Intertask Conferences\"},\"image\":{\"@id\":\"https:\\\/\\\/intertaskconferences.com\\\/fr\\\/#\\\/schema\\\/logo\\\/image\\\/\"}}]}<\/script>\n<!-- \/ Yoast SEO plugin. -->","yoast_head_json":{"title":"Services num\u00e9riques - Intertask Conferences","robots":{"index":"index","follow":"follow","max-snippet":"max-snippet:-1","max-image-preview":"max-image-preview:large","max-video-preview":"max-video-preview:-1"},"canonical":"https:\/\/intertaskconferences.com\/fr\/services-numeriques\/","og_locale":"fr_FR","og_type":"article","og_title":"Services num\u00e9riques - Intertask Conferences","og_description":"De la planification \u00e0 la gestion de projet, en passant par la s\u00e9lection d\u2019une plateforme num\u00e9rique et la n\u00e9gociation de contrats avec les fournisseurs \u2013 nous avons toujours une solution adapt\u00e9e \u00e0 vos besoins.","og_url":"https:\/\/intertaskconferences.com\/fr\/services-numeriques\/","og_site_name":"Intertask Conferences","article_modified_time":"2023-08-31T19:16:17+00:00","twitter_card":"summary_large_image","twitter_misc":{"Dur\u00e9e de lecture estim\u00e9e":"1 minute"},"schema":{"@context":"https:\/\/schema.org","@graph":[{"@type":"WebPage","@id":"https:\/\/intertaskconferences.com\/fr\/services-numeriques\/","url":"https:\/\/intertaskconferences.com\/fr\/services-numeriques\/","name":"Services num\u00e9riques - Intertask Conferences","isPartOf":{"@id":"https:\/\/intertaskconferences.com\/fr\/#website"},"datePublished":"2022-07-27T20:08:06+00:00","dateModified":"2023-08-31T19:16:17+00:00","breadcrumb":{"@id":"https:\/\/intertaskconferences.com\/fr\/services-numeriques\/#breadcrumb"},"inLanguage":"fr-FR","potentialAction":[{"@type":"ReadAction","target":["https:\/\/intertaskconferences.com\/fr\/services-numeriques\/"]}]},{"@type":"BreadcrumbList","@id":"https:\/\/intertaskconferences.com\/fr\/services-numeriques\/#breadcrumb","itemListElement":[{"@type":"ListItem","position":1,"name":"Home","item":"https:\/\/intertaskconferences.com\/fr\/"},{"@type":"ListItem","position":2,"name":"Services num\u00e9riques"}]},{"@type":"WebSite","@id":"https:\/\/intertaskconferences.com\/fr\/#website","url":"https:\/\/intertaskconferences.com\/fr\/","name":"Intertask Conferences","description":"","publisher":{"@id":"https:\/\/intertaskconferences.com\/fr\/#organization"},"potentialAction":[{"@type":"SearchAction","target":{"@type":"EntryPoint","urlTemplate":"https:\/\/intertaskconferences.com\/fr\/?s={search_term_string}"},"query-input":{"@type":"PropertyValueSpecification","valueRequired":true,"valueName":"search_term_string"}}],"inLanguage":"fr-FR"},{"@type":"Organization","@id":"https:\/\/intertaskconferences.com\/fr\/#organization","name":"Intertask Conferences","url":"https:\/\/intertaskconferences.com\/fr\/","logo":{"@type":"ImageObject","inLanguage":"fr-FR","@id":"https:\/\/intertaskconferences.com\/fr\/#\/schema\/logo\/image\/","url":"http:\/\/intertaskconferences.com\/wp-content\/uploads\/intertask-jpdl-logo-colour.png","contentUrl":"http:\/\/intertaskconferences.com\/wp-content\/uploads\/intertask-jpdl-logo-colour.png","width":1196,"height":219,"caption":"Intertask Conferences"},"image":{"@id":"https:\/\/intertaskconferences.com\/fr\/#\/schema\/logo\/image\/"}}]}},"_links":{"self":[{"href":"https:\/\/intertaskconferences.com\/fr\/wp-json\/wp\/v2\/pages\/919","targetHints":{"allow":["GET"]}}],"collection":[{"href":"https:\/\/intertaskconferences.com\/fr\/wp-json\/wp\/v2\/pages"}],"about":[{"href":"https:\/\/intertaskconferences.com\/fr\/wp-json\/wp\/v2\/types\/page"}],"author":[{"embeddable":true,"href":"https:\/\/intertaskconferences.com\/fr\/wp-json\/wp\/v2\/users\/5"}],"replies":[{"embeddable":true,"href":"https:\/\/intertaskconferences.com\/fr\/wp-json\/wp\/v2\/comments?post=919"}],"version-history":[{"count":0,"href":"https:\/\/intertaskconferences.com\/fr\/wp-json\/wp\/v2\/pages\/919\/revisions"}],"wp:attachment":[{"href":"https:\/\/intertaskconferences.com\/fr\/wp-json\/wp\/v2\/media?parent=919"}],"curies":[{"name":"wp","href":"https:\/\/api.w.org\/{rel}","templated":true}]}}