{"id":916,"date":"2022-07-27T16:08:29","date_gmt":"2022-07-27T20:08:29","guid":{"rendered":"http:\/\/localhost:10058\/contact\/"},"modified":"2024-05-26T12:41:53","modified_gmt":"2024-05-26T16:41:53","slug":"contact","status":"publish","type":"page","link":"https:\/\/intertaskconferences.com\/fr\/contact\/","title":{"rendered":"Contactez-nous"},"content":{"rendered":"    <div class=\"row hero flex align-center\" id=\"\">\n        <div class=\"wrap\" data-aos=\"fade-up\" data-aos-delay=\"200\">\n            <div class=\"hero--inner flex\">\n\n                <div class=\"hero--inner-title w-50\">\n                    <h1>\n                        Contactez-nous                        <span class=\"hero-h c-green\"><\/span>\n                    <\/h1>\n                    <p>275, rue Bay, Suite 200<br \/>\nOttawa ON K1R 5Z5<br \/>\nCanada<\/p>\n<p><a href=\"mailto:info@intertaskconferences.com\">info@intertaskconferences.com<\/a><\/p>\n                                    <\/div>\n\n                                    <div class=\"hero--inner-image w-50\">\n                                                <div class=\"hero--inner-image-wrap single\">\n                                                            <img decoding=\"async\" class=\"img\" src=\"https:\/\/intertaskconferences.com\/wp-content\/uploads\/GettyImages-1164740313-1.jpg\" alt=\"\" \/>\n                                                    <\/div>\n                    <\/div>\n                \n            <\/div>\n        <\/div>\n    <\/div>\n\n\n<div class=\"wp-block-group alignwide\" style=\"padding-bottom:0px\"><div class=\"wp-block-group__inner-container is-layout-flow wp-block-group-is-layout-flow\">\n<h2 class=\"wp-block-heading\">Contacts<\/h2>\n<\/div><\/div>\n\n\n\n<div class=\"wp-block-columns alignwide is-layout-flex wp-container-core-columns-is-layout-0e383b0d wp-block-columns-is-layout-flex\" style=\"padding-bottom:0px\">\n<div class=\"wp-block-column is-layout-flow wp-block-column-is-layout-flow\">\n<p><strong>Peggy A. Nieghorn, DES <\/strong><br>Directrice, D\u00e9veloppement des affaires<\/p>\n\n\n\n<p><a href=\"mailto:pnieghorn@intertaskconferences.com\">pnieghorn@intertaskconferences.com<br><\/a>613-238-4075, poste 222<\/p>\n<\/div>\n\n\n\n<div class=\"wp-block-column is-layout-flow wp-block-column-is-layout-flow\">\n<p><strong>Blair Tryon<\/strong><br>Directeur principal, directeur g\u00e9n\u00e9ral par int\u00e9rim<\/p>\n\n\n\n<p><a href=\"mailto:btryon@intertaskconferences.com\">btryon@intertaskconferences.com<\/a><\/p>\n\n\n\n<p>613-238-4075, poste 227<\/p>\n<\/div>\n<\/div>\n\n\n\n<div class=\"wp-block-columns alignwide is-layout-flex wp-container-core-columns-is-layout-9d6595d7 wp-block-columns-is-layout-flex\">\n<div class=\"wp-block-column is-layout-flow wp-block-column-is-layout-flow\">\n<p><strong>Num\u00e9ro d\u2019arrangement en mati\u00e8re d\u2019approvisionnement&nbsp;<\/strong>:<strong> <\/strong><br>EN578-13309\/008\/CX<\/p>\n<\/div>\n<\/div>\n","protected":false},"excerpt":{"rendered":"<p>Contacts Peggy A. Nieghorn, DES Directrice, D\u00e9veloppement des affaires pnieghorn@intertaskconferences.com613-238-4075, poste 222 Blair TryonDirecteur principal, directeur g\u00e9n\u00e9ral par int\u00e9rim btryon@intertaskconferences.com 613-238-4075, poste 227 Num\u00e9ro d\u2019arrangement en mati\u00e8re d\u2019approvisionnement&nbsp;: EN578-13309\/008\/CX<\/p>\n","protected":false},"author":5,"featured_media":649,"parent":0,"menu_order":0,"comment_status":"closed","ping_status":"closed","template":"","meta":{"_acf_changed":false,"_genesis_hide_title":false,"_genesis_hide_breadcrumbs":false,"_genesis_hide_singular_image":false,"_genesis_hide_footer_widgets":false,"_genesis_custom_body_class":"","_genesis_custom_post_class":"","_genesis_layout":"","footnotes":""},"class_list":{"0":"post-916","1":"page","2":"type-page","3":"status-publish","4":"has-post-thumbnail","6":"entry"},"acf":[],"yoast_head":"<!-- This site is optimized with the Yoast SEO plugin v27.3 - https:\/\/yoast.com\/product\/yoast-seo-wordpress\/ -->\n<title>Contactez-nous - Intertask Conferences<\/title>\n<meta name=\"robots\" content=\"index, follow, max-snippet:-1, max-image-preview:large, max-video-preview:-1\" \/>\n<link rel=\"canonical\" href=\"https:\/\/intertaskconferences.com\/fr\/contact\/\" \/>\n<meta property=\"og:locale\" content=\"fr_FR\" \/>\n<meta property=\"og:type\" content=\"article\" \/>\n<meta property=\"og:title\" content=\"Contactez-nous - Intertask Conferences\" \/>\n<meta property=\"og:description\" content=\"Contacts Peggy A. Nieghorn, DES Directrice, D\u00e9veloppement des affaires pnieghorn@intertaskconferences.com613-238-4075, poste 222 Blair TryonDirecteur principal, directeur g\u00e9n\u00e9ral par int\u00e9rim btryon@intertaskconferences.com 613-238-4075, poste 227 Num\u00e9ro d\u2019arrangement en mati\u00e8re d\u2019approvisionnement&nbsp;: EN578-13309\/008\/CX\" \/>\n<meta property=\"og:url\" content=\"https:\/\/intertaskconferences.com\/fr\/contact\/\" \/>\n<meta property=\"og:site_name\" content=\"Intertask Conferences\" \/>\n<meta property=\"article:modified_time\" content=\"2024-05-26T16:41:53+00:00\" \/>\n<meta property=\"og:image\" content=\"https:\/\/intertaskconferences.com\/wp-content\/uploads\/GettyImages-1164740313-1.jpg\" \/>\n\t<meta property=\"og:image:width\" content=\"1000\" \/>\n\t<meta property=\"og:image:height\" content=\"703\" \/>\n\t<meta property=\"og:image:type\" content=\"image\/jpeg\" \/>\n<meta name=\"twitter:card\" content=\"summary_large_image\" \/>\n<meta name=\"twitter:label1\" content=\"Dur\u00e9e de lecture estim\u00e9e\" \/>\n\t<meta name=\"twitter:data1\" content=\"1 minute\" \/>\n<script type=\"application\/ld+json\" class=\"yoast-schema-graph\">{\"@context\":\"https:\\\/\\\/schema.org\",\"@graph\":[{\"@type\":\"WebPage\",\"@id\":\"https:\\\/\\\/intertaskconferences.com\\\/fr\\\/contact\\\/\",\"url\":\"https:\\\/\\\/intertaskconferences.com\\\/fr\\\/contact\\\/\",\"name\":\"Contactez-nous - Intertask Conferences\",\"isPartOf\":{\"@id\":\"https:\\\/\\\/intertaskconferences.com\\\/fr\\\/#website\"},\"primaryImageOfPage\":{\"@id\":\"https:\\\/\\\/intertaskconferences.com\\\/fr\\\/contact\\\/#primaryimage\"},\"image\":{\"@id\":\"https:\\\/\\\/intertaskconferences.com\\\/fr\\\/contact\\\/#primaryimage\"},\"thumbnailUrl\":\"https:\\\/\\\/intertaskconferences.com\\\/wp-content\\\/uploads\\\/GettyImages-1164740313-1.jpg\",\"datePublished\":\"2022-07-27T20:08:29+00:00\",\"dateModified\":\"2024-05-26T16:41:53+00:00\",\"breadcrumb\":{\"@id\":\"https:\\\/\\\/intertaskconferences.com\\\/fr\\\/contact\\\/#breadcrumb\"},\"inLanguage\":\"fr-FR\",\"potentialAction\":[{\"@type\":\"ReadAction\",\"target\":[\"https:\\\/\\\/intertaskconferences.com\\\/fr\\\/contact\\\/\"]}]},{\"@type\":\"ImageObject\",\"inLanguage\":\"fr-FR\",\"@id\":\"https:\\\/\\\/intertaskconferences.com\\\/fr\\\/contact\\\/#primaryimage\",\"url\":\"https:\\\/\\\/intertaskconferences.com\\\/wp-content\\\/uploads\\\/GettyImages-1164740313-1.jpg\",\"contentUrl\":\"https:\\\/\\\/intertaskconferences.com\\\/wp-content\\\/uploads\\\/GettyImages-1164740313-1.jpg\",\"width\":1000,\"height\":703},{\"@type\":\"BreadcrumbList\",\"@id\":\"https:\\\/\\\/intertaskconferences.com\\\/fr\\\/contact\\\/#breadcrumb\",\"itemListElement\":[{\"@type\":\"ListItem\",\"position\":1,\"name\":\"Home\",\"item\":\"https:\\\/\\\/intertaskconferences.com\\\/fr\\\/\"},{\"@type\":\"ListItem\",\"position\":2,\"name\":\"Contactez-nous\"}]},{\"@type\":\"WebSite\",\"@id\":\"https:\\\/\\\/intertaskconferences.com\\\/fr\\\/#website\",\"url\":\"https:\\\/\\\/intertaskconferences.com\\\/fr\\\/\",\"name\":\"Intertask Conferences\",\"description\":\"\",\"publisher\":{\"@id\":\"https:\\\/\\\/intertaskconferences.com\\\/fr\\\/#organization\"},\"potentialAction\":[{\"@type\":\"SearchAction\",\"target\":{\"@type\":\"EntryPoint\",\"urlTemplate\":\"https:\\\/\\\/intertaskconferences.com\\\/fr\\\/?s={search_term_string}\"},\"query-input\":{\"@type\":\"PropertyValueSpecification\",\"valueRequired\":true,\"valueName\":\"search_term_string\"}}],\"inLanguage\":\"fr-FR\"},{\"@type\":\"Organization\",\"@id\":\"https:\\\/\\\/intertaskconferences.com\\\/fr\\\/#organization\",\"name\":\"Intertask Conferences\",\"url\":\"https:\\\/\\\/intertaskconferences.com\\\/fr\\\/\",\"logo\":{\"@type\":\"ImageObject\",\"inLanguage\":\"fr-FR\",\"@id\":\"https:\\\/\\\/intertaskconferences.com\\\/fr\\\/#\\\/schema\\\/logo\\\/image\\\/\",\"url\":\"http:\\\/\\\/intertaskconferences.com\\\/wp-content\\\/uploads\\\/intertask-jpdl-logo-colour.png\",\"contentUrl\":\"http:\\\/\\\/intertaskconferences.com\\\/wp-content\\\/uploads\\\/intertask-jpdl-logo-colour.png\",\"width\":1196,\"height\":219,\"caption\":\"Intertask Conferences\"},\"image\":{\"@id\":\"https:\\\/\\\/intertaskconferences.com\\\/fr\\\/#\\\/schema\\\/logo\\\/image\\\/\"}}]}<\/script>\n<!-- \/ Yoast SEO plugin. -->","yoast_head_json":{"title":"Contactez-nous - Intertask Conferences","robots":{"index":"index","follow":"follow","max-snippet":"max-snippet:-1","max-image-preview":"max-image-preview:large","max-video-preview":"max-video-preview:-1"},"canonical":"https:\/\/intertaskconferences.com\/fr\/contact\/","og_locale":"fr_FR","og_type":"article","og_title":"Contactez-nous - Intertask Conferences","og_description":"Contacts Peggy A. Nieghorn, DES Directrice, D\u00e9veloppement des affaires pnieghorn@intertaskconferences.com613-238-4075, poste 222 Blair TryonDirecteur principal, directeur g\u00e9n\u00e9ral par int\u00e9rim btryon@intertaskconferences.com 613-238-4075, poste 227 Num\u00e9ro d\u2019arrangement en mati\u00e8re d\u2019approvisionnement&nbsp;: EN578-13309\/008\/CX","og_url":"https:\/\/intertaskconferences.com\/fr\/contact\/","og_site_name":"Intertask Conferences","article_modified_time":"2024-05-26T16:41:53+00:00","og_image":[{"width":1000,"height":703,"url":"https:\/\/intertaskconferences.com\/wp-content\/uploads\/GettyImages-1164740313-1.jpg","type":"image\/jpeg"}],"twitter_card":"summary_large_image","twitter_misc":{"Dur\u00e9e de lecture estim\u00e9e":"1 minute"},"schema":{"@context":"https:\/\/schema.org","@graph":[{"@type":"WebPage","@id":"https:\/\/intertaskconferences.com\/fr\/contact\/","url":"https:\/\/intertaskconferences.com\/fr\/contact\/","name":"Contactez-nous - Intertask Conferences","isPartOf":{"@id":"https:\/\/intertaskconferences.com\/fr\/#website"},"primaryImageOfPage":{"@id":"https:\/\/intertaskconferences.com\/fr\/contact\/#primaryimage"},"image":{"@id":"https:\/\/intertaskconferences.com\/fr\/contact\/#primaryimage"},"thumbnailUrl":"https:\/\/intertaskconferences.com\/wp-content\/uploads\/GettyImages-1164740313-1.jpg","datePublished":"2022-07-27T20:08:29+00:00","dateModified":"2024-05-26T16:41:53+00:00","breadcrumb":{"@id":"https:\/\/intertaskconferences.com\/fr\/contact\/#breadcrumb"},"inLanguage":"fr-FR","potentialAction":[{"@type":"ReadAction","target":["https:\/\/intertaskconferences.com\/fr\/contact\/"]}]},{"@type":"ImageObject","inLanguage":"fr-FR","@id":"https:\/\/intertaskconferences.com\/fr\/contact\/#primaryimage","url":"https:\/\/intertaskconferences.com\/wp-content\/uploads\/GettyImages-1164740313-1.jpg","contentUrl":"https:\/\/intertaskconferences.com\/wp-content\/uploads\/GettyImages-1164740313-1.jpg","width":1000,"height":703},{"@type":"BreadcrumbList","@id":"https:\/\/intertaskconferences.com\/fr\/contact\/#breadcrumb","itemListElement":[{"@type":"ListItem","position":1,"name":"Home","item":"https:\/\/intertaskconferences.com\/fr\/"},{"@type":"ListItem","position":2,"name":"Contactez-nous"}]},{"@type":"WebSite","@id":"https:\/\/intertaskconferences.com\/fr\/#website","url":"https:\/\/intertaskconferences.com\/fr\/","name":"Intertask Conferences","description":"","publisher":{"@id":"https:\/\/intertaskconferences.com\/fr\/#organization"},"potentialAction":[{"@type":"SearchAction","target":{"@type":"EntryPoint","urlTemplate":"https:\/\/intertaskconferences.com\/fr\/?s={search_term_string}"},"query-input":{"@type":"PropertyValueSpecification","valueRequired":true,"valueName":"search_term_string"}}],"inLanguage":"fr-FR"},{"@type":"Organization","@id":"https:\/\/intertaskconferences.com\/fr\/#organization","name":"Intertask Conferences","url":"https:\/\/intertaskconferences.com\/fr\/","logo":{"@type":"ImageObject","inLanguage":"fr-FR","@id":"https:\/\/intertaskconferences.com\/fr\/#\/schema\/logo\/image\/","url":"http:\/\/intertaskconferences.com\/wp-content\/uploads\/intertask-jpdl-logo-colour.png","contentUrl":"http:\/\/intertaskconferences.com\/wp-content\/uploads\/intertask-jpdl-logo-colour.png","width":1196,"height":219,"caption":"Intertask Conferences"},"image":{"@id":"https:\/\/intertaskconferences.com\/fr\/#\/schema\/logo\/image\/"}}]}},"_links":{"self":[{"href":"https:\/\/intertaskconferences.com\/fr\/wp-json\/wp\/v2\/pages\/916","targetHints":{"allow":["GET"]}}],"collection":[{"href":"https:\/\/intertaskconferences.com\/fr\/wp-json\/wp\/v2\/pages"}],"about":[{"href":"https:\/\/intertaskconferences.com\/fr\/wp-json\/wp\/v2\/types\/page"}],"author":[{"embeddable":true,"href":"https:\/\/intertaskconferences.com\/fr\/wp-json\/wp\/v2\/users\/5"}],"replies":[{"embeddable":true,"href":"https:\/\/intertaskconferences.com\/fr\/wp-json\/wp\/v2\/comments?post=916"}],"version-history":[{"count":0,"href":"https:\/\/intertaskconferences.com\/fr\/wp-json\/wp\/v2\/pages\/916\/revisions"}],"wp:featuredmedia":[{"embeddable":true,"href":"https:\/\/intertaskconferences.com\/fr\/wp-json\/wp\/v2\/media\/649"}],"wp:attachment":[{"href":"https:\/\/intertaskconferences.com\/fr\/wp-json\/wp\/v2\/media?parent=916"}],"curies":[{"name":"wp","href":"https:\/\/api.w.org\/{rel}","templated":true}]}}