{"id":909,"date":"2022-07-27T16:08:20","date_gmt":"2022-07-27T20:08:20","guid":{"rendered":"http:\/\/localhost:10058\/association-solutions\/"},"modified":"2023-08-31T15:16:43","modified_gmt":"2023-08-31T19:16:43","slug":"solutions-associations","status":"publish","type":"page","link":"https:\/\/intertaskconferences.com\/fr\/solutions-associations\/","title":{"rendered":"Solutions pour les associations"},"content":{"rendered":"    <div class=\"row hero flex align-center\" id=\"\">\n        <div class=\"wrap\" data-aos=\"fade-up\" data-aos-delay=\"200\">\n            <div class=\"hero--inner flex\">\n\n                <div class=\"hero--inner-title w-50\">\n                    <h1>\n                        Solutions pour les associations                        <span class=\"hero-h c-green\"><\/span>\n                    <\/h1>\n                                                        <\/div>\n\n                                    <div class=\"hero--inner-image w-50\">\n                                                <div class=\"hero--inner-image-wrap single\">\n                                                            <img decoding=\"async\" class=\"img\" src=\"https:\/\/intertaskconferences.com\/wp-content\/uploads\/GettyImages-530686103.jpg\" alt=\"\" \/>\n                                                    <\/div>\n                    <\/div>\n                \n            <\/div>\n        <\/div>\n    <\/div>\n\n\n<div class=\"wp-block-group alignwide w-60\" id=\"intro\"><div class=\"wp-block-group__inner-container is-layout-flow wp-block-group-is-layout-flow\">\n<h2 class=\"wp-block-heading\"><strong>Nous donnons \u00e0 votre association les outils pour atteindre de nouveaux sommets.<\/strong><\/h2>\n\n\n\n<p class=\"has-medium-font-size\">Nos solutions de secr\u00e9tariat d\u2019associations assurent \u00e0 nos clients qu\u2019ils ont tout ce dont ils ont besoin. Des membres du conseil d\u2019administration aux comit\u00e9s, en passant par le personnel et l\u2019administration, Intertask Conferences est l\u00e0 pour vous.<\/p>\n<\/div><\/div>\n\n\n\n<div class=\"wp-block-columns alignwide is-layout-flex wp-container-core-columns-is-layout-9d6595d7 wp-block-columns-is-layout-flex\" id=\"services\">\n<div class=\"wp-block-column is-layout-flow wp-block-column-is-layout-flow\"><div id=\"services-block_53711d446e36a7b693dbab08731f8757\" class=\"block-service-single\" data-aos=\"fade-up\" data-aos-delay=\"100\">\n    <a href=\"\"><span class=\"visuallyhidden\"><\/span><\/a>    <div class=\"service-title\">\n                    <span class=\"fas fa-users\" aria-hidden=\"true\"><\/span>\n        <h2>Appui au conseil d\u2019administration<\/h2>\n    <\/div>\n    <p>Notre gestionnaire d\u2019associations d\u00e9vou\u00e9 est le point de contact primaire pour votre conseil d\u2019administration. Le gestionnaire s\u2019occupera des rencontres du c.a. \u2013 gestion de l\u2019ordre du jour, logistique, suivis \u00e0 effectuer et rapports financiers int\u00e9rimaires \u2013 et fournira des conseils, au besoin.<\/p>\n<\/div>\n\n<div id=\"services-block_3f30231710eb1ac06d48a3f9b5600a2a\" class=\"block-service-single\" data-aos=\"fade-up\" data-aos-delay=\"100\">\n    <a href=\"\"><span class=\"visuallyhidden\"><\/span><\/a>    <div class=\"service-title\">\n                    <span class=\"fas fa-project-diagram\" aria-hidden=\"true\"><\/span>\n        <h2>Coordination et administration des comit\u00e9s<\/h2>\n    <\/div>\n    <p>Nous sommes r\u00e9put\u00e9s pour notre appui exceptionnel et notre collaboration aupr\u00e8s des comit\u00e9s et des b\u00e9n\u00e9voles. Ces derniers se sentent appr\u00e9ci\u00e9s gr\u00e2ce \u00e0 notre traitement rapide et professionnel de leurs questions et de leurs besoins.<\/p>\n<\/div>\n\n<div id=\"services-block_2b2b25b090bf4bcc270cee32ca1075c7\" class=\"block-service-single\" data-aos=\"fade-up\" data-aos-delay=\"100\">\n    <a href=\"\"><span class=\"visuallyhidden\"><\/span><\/a>    <div class=\"service-title\">\n                    <span class=\"fas fa-bullhorn\" aria-hidden=\"true\"><\/span>\n        <h2>Marketing et promotion<\/h2>\n    <\/div>\n    <p>Intertask comprend l\u2019importance de d\u00e9velopper une strat\u00e9gie num\u00e9rique. Nous nous assurons qu\u2019il y a un plan int\u00e9gr\u00e9 qui tient compte des messages qui doivent \u00eatre diss\u00e9min\u00e9s sur toutes les plateformes num\u00e9riques (site web, m\u00e9dias sociaux, infolettres), et que les m\u00e9dias traditionnels encouragent les utilisateurs \u00e0 consulter votre site web.<\/p>\n<\/div><\/div>\n\n\n\n<div class=\"wp-block-column is-layout-flow wp-block-column-is-layout-flow\"><div id=\"services-block_9c5879aaa4c37ee28f959e7a9ee9bf6c\" class=\"block-service-single\" data-aos=\"fade-up\" data-aos-delay=\"100\">\n    <a href=\"\"><span class=\"visuallyhidden\"><\/span><\/a>    <div class=\"service-title\">\n                    <span class=\"fas fa-piggy-bank\" aria-hidden=\"true\"><\/span>\n        <h2>Gestion financi\u00e8re<\/h2>\n    <\/div>\n    <p>Nous prenons soin de tout \u2013 incluant l\u2019ouverture d\u2019un compte ind\u00e9pendant en fiducie, \u00e9tablir et surveiller le budget final, la conformit\u00e9 r\u00e9glementaire, la comptabilit\u00e9 journali\u00e8re, les \u00e9tats financiers audit\u00e9s annuels, le versement de taxes, les assurances, et le stockage \u00e9lectronique et la sauvegarde des documents.<\/p>\n<\/div>\n\n<div id=\"services-block_f75f4bf7c0192089c9ae6347b698e023\" class=\"block-service-single\" data-aos=\"fade-up\" data-aos-delay=\"100\">\n    <a href=\"\"><span class=\"visuallyhidden\"><\/span><\/a>    <div class=\"service-title\">\n                    <span class=\"fas fa-user-cog\" aria-hidden=\"true\"><\/span>\n        <h2>D\u00e9veloppement professionnel : webinaires, congr\u00e8s annuel<\/h2>\n    <\/div>\n    <p>Vous assurez que vos membres sont engag\u00e9s est essentiel \u00e0 leur r\u00e9tention \u2013 la pierre angulaire d\u2019une association dynamique. Des \u00e9v\u00e9nements d\u2019affaires pertinents et professionnels sont tout aussi importants pour les garder engag\u00e9s. Veuillez consulter la section Congr\u00e8s et \u00e9v\u00e9nements pour plus de d\u00e9tails.<\/p>\n<\/div>\n\n<div id=\"services-block_98fc98a3ec9269bcf06bb340e82cb85d\" class=\"block-service-single\" data-aos=\"fade-up\" data-aos-delay=\"100\">\n    <a href=\"\"><span class=\"visuallyhidden\"><\/span><\/a>    <div class=\"service-title\">\n                    <span class=\"fas fa-server\" aria-hidden=\"true\"><\/span>\n        <h2>Stockage des documents (num\u00e9rique et papier)<\/h2>\n    <\/div>\n    <p>Nous nous assurons que vos documents sont stock\u00e9s de fa\u00e7on s\u00e9curitaire et conform\u00e9ment aux lignes directrices sur la r\u00e9tention des documents.<\/p>\n<\/div><\/div>\n\n\n\n<div class=\"wp-block-column is-layout-flow wp-block-column-is-layout-flow\"><div id=\"services-block_a390a76c2331735cd8fbe18453117a41\" class=\"block-service-single\" data-aos=\"fade-up\" data-aos-delay=\"100\">\n    <a href=\"\"><span class=\"visuallyhidden\"><\/span><\/a>    <div class=\"service-title\">\n                    <span class=\"fas fa-address-card\" aria-hidden=\"true\"><\/span>\n        <h2>Adresse postale<\/h2>\n    <\/div>\n    <p>Nous mettons sur pied un secr\u00e9tariat qui comprend une adresse postale, un num\u00e9ro de t\u00e9l\u00e9phone et une adresse courriel auxquels vos membres peuvent nous rejoindre \u00e0 nos bureaux \u00e0 Ottawa.<\/p>\n<\/div>\n\n<div id=\"services-block_ea7aed92b4b1a100e7a6f8016fedac0a\" class=\"block-service-single\" data-aos=\"fade-up\" data-aos-delay=\"100\">\n    <a href=\"\"><span class=\"visuallyhidden\"><\/span><\/a>    <div class=\"service-title\">\n                    <span class=\"fas fa-window-maximize\" aria-hidden=\"true\"><\/span>\n        <h2>Maintien du site web et des m\u00e9dias sociaux<\/h2>\n    <\/div>\n    <p>Le site web est le premier endroit qu\u2019un membre consultera en qu\u00eate de renseignements, alors le maintenir \u00e0 jour est une fonction importante. Nous savons comment garder votre site web original et pertinent, et nous travaillons avec vous pour maintenir une pr\u00e9sence sur les m\u00e9dias sociaux qui est appropri\u00e9e et align\u00e9e avec votre image de marque et vos messages cl\u00e9s.<\/p>\n<\/div><\/div>\n<\/div>\n","protected":false},"excerpt":{"rendered":"<p>Nous donnons \u00e0 votre association les outils pour atteindre de nouveaux sommets. Nos solutions de secr\u00e9tariat d\u2019associations assurent \u00e0 nos clients qu\u2019ils ont tout ce dont ils ont besoin. Des membres du conseil d\u2019administration aux comit\u00e9s, en passant par le personnel et l\u2019administration, Intertask Conferences est l\u00e0 pour vous.<\/p>\n","protected":false},"author":5,"featured_media":0,"parent":0,"menu_order":0,"comment_status":"closed","ping_status":"closed","template":"","meta":{"_acf_changed":false,"_genesis_hide_title":false,"_genesis_hide_breadcrumbs":false,"_genesis_hide_singular_image":false,"_genesis_hide_footer_widgets":false,"_genesis_custom_body_class":"","_genesis_custom_post_class":"","_genesis_layout":"","footnotes":""},"class_list":{"0":"post-909","1":"page","2":"type-page","3":"status-publish","5":"entry"},"acf":[],"yoast_head":"<!-- This site is optimized with the Yoast SEO plugin v27.3 - https:\/\/yoast.com\/product\/yoast-seo-wordpress\/ -->\n<title>Solutions pour les associations - Intertask Conferences<\/title>\n<meta name=\"robots\" content=\"index, follow, max-snippet:-1, max-image-preview:large, max-video-preview:-1\" \/>\n<link rel=\"canonical\" href=\"https:\/\/intertaskconferences.com\/fr\/solutions-associations\/\" \/>\n<meta property=\"og:locale\" content=\"fr_FR\" \/>\n<meta property=\"og:type\" content=\"article\" \/>\n<meta property=\"og:title\" content=\"Solutions pour les associations - Intertask Conferences\" \/>\n<meta property=\"og:description\" content=\"Nous donnons \u00e0 votre association les outils pour atteindre de nouveaux sommets. Nos solutions de secr\u00e9tariat d\u2019associations assurent \u00e0 nos clients qu\u2019ils ont tout ce dont ils ont besoin. Des membres du conseil d\u2019administration aux comit\u00e9s, en passant par le personnel et l\u2019administration, Intertask Conferences est l\u00e0 pour vous.\" \/>\n<meta property=\"og:url\" content=\"https:\/\/intertaskconferences.com\/fr\/solutions-associations\/\" \/>\n<meta property=\"og:site_name\" content=\"Intertask Conferences\" \/>\n<meta property=\"article:modified_time\" content=\"2023-08-31T19:16:43+00:00\" \/>\n<meta name=\"twitter:card\" content=\"summary_large_image\" \/>\n<meta name=\"twitter:label1\" content=\"Dur\u00e9e de lecture estim\u00e9e\" \/>\n\t<meta name=\"twitter:data1\" content=\"1 minute\" \/>\n<script type=\"application\/ld+json\" class=\"yoast-schema-graph\">{\"@context\":\"https:\\\/\\\/schema.org\",\"@graph\":[{\"@type\":\"WebPage\",\"@id\":\"https:\\\/\\\/intertaskconferences.com\\\/fr\\\/solutions-associations\\\/\",\"url\":\"https:\\\/\\\/intertaskconferences.com\\\/fr\\\/solutions-associations\\\/\",\"name\":\"Solutions pour les associations - Intertask Conferences\",\"isPartOf\":{\"@id\":\"https:\\\/\\\/intertaskconferences.com\\\/fr\\\/#website\"},\"datePublished\":\"2022-07-27T20:08:20+00:00\",\"dateModified\":\"2023-08-31T19:16:43+00:00\",\"breadcrumb\":{\"@id\":\"https:\\\/\\\/intertaskconferences.com\\\/fr\\\/solutions-associations\\\/#breadcrumb\"},\"inLanguage\":\"fr-FR\",\"potentialAction\":[{\"@type\":\"ReadAction\",\"target\":[\"https:\\\/\\\/intertaskconferences.com\\\/fr\\\/solutions-associations\\\/\"]}]},{\"@type\":\"BreadcrumbList\",\"@id\":\"https:\\\/\\\/intertaskconferences.com\\\/fr\\\/solutions-associations\\\/#breadcrumb\",\"itemListElement\":[{\"@type\":\"ListItem\",\"position\":1,\"name\":\"Home\",\"item\":\"https:\\\/\\\/intertaskconferences.com\\\/fr\\\/\"},{\"@type\":\"ListItem\",\"position\":2,\"name\":\"Solutions pour les associations\"}]},{\"@type\":\"WebSite\",\"@id\":\"https:\\\/\\\/intertaskconferences.com\\\/fr\\\/#website\",\"url\":\"https:\\\/\\\/intertaskconferences.com\\\/fr\\\/\",\"name\":\"Intertask Conferences\",\"description\":\"\",\"publisher\":{\"@id\":\"https:\\\/\\\/intertaskconferences.com\\\/fr\\\/#organization\"},\"potentialAction\":[{\"@type\":\"SearchAction\",\"target\":{\"@type\":\"EntryPoint\",\"urlTemplate\":\"https:\\\/\\\/intertaskconferences.com\\\/fr\\\/?s={search_term_string}\"},\"query-input\":{\"@type\":\"PropertyValueSpecification\",\"valueRequired\":true,\"valueName\":\"search_term_string\"}}],\"inLanguage\":\"fr-FR\"},{\"@type\":\"Organization\",\"@id\":\"https:\\\/\\\/intertaskconferences.com\\\/fr\\\/#organization\",\"name\":\"Intertask Conferences\",\"url\":\"https:\\\/\\\/intertaskconferences.com\\\/fr\\\/\",\"logo\":{\"@type\":\"ImageObject\",\"inLanguage\":\"fr-FR\",\"@id\":\"https:\\\/\\\/intertaskconferences.com\\\/fr\\\/#\\\/schema\\\/logo\\\/image\\\/\",\"url\":\"http:\\\/\\\/intertaskconferences.com\\\/wp-content\\\/uploads\\\/intertask-jpdl-logo-colour.png\",\"contentUrl\":\"http:\\\/\\\/intertaskconferences.com\\\/wp-content\\\/uploads\\\/intertask-jpdl-logo-colour.png\",\"width\":1196,\"height\":219,\"caption\":\"Intertask Conferences\"},\"image\":{\"@id\":\"https:\\\/\\\/intertaskconferences.com\\\/fr\\\/#\\\/schema\\\/logo\\\/image\\\/\"}}]}<\/script>\n<!-- \/ Yoast SEO plugin. -->","yoast_head_json":{"title":"Solutions pour les associations - Intertask Conferences","robots":{"index":"index","follow":"follow","max-snippet":"max-snippet:-1","max-image-preview":"max-image-preview:large","max-video-preview":"max-video-preview:-1"},"canonical":"https:\/\/intertaskconferences.com\/fr\/solutions-associations\/","og_locale":"fr_FR","og_type":"article","og_title":"Solutions pour les associations - Intertask Conferences","og_description":"Nous donnons \u00e0 votre association les outils pour atteindre de nouveaux sommets. Nos solutions de secr\u00e9tariat d\u2019associations assurent \u00e0 nos clients qu\u2019ils ont tout ce dont ils ont besoin. Des membres du conseil d\u2019administration aux comit\u00e9s, en passant par le personnel et l\u2019administration, Intertask Conferences est l\u00e0 pour vous.","og_url":"https:\/\/intertaskconferences.com\/fr\/solutions-associations\/","og_site_name":"Intertask Conferences","article_modified_time":"2023-08-31T19:16:43+00:00","twitter_card":"summary_large_image","twitter_misc":{"Dur\u00e9e de lecture estim\u00e9e":"1 minute"},"schema":{"@context":"https:\/\/schema.org","@graph":[{"@type":"WebPage","@id":"https:\/\/intertaskconferences.com\/fr\/solutions-associations\/","url":"https:\/\/intertaskconferences.com\/fr\/solutions-associations\/","name":"Solutions pour les associations - Intertask Conferences","isPartOf":{"@id":"https:\/\/intertaskconferences.com\/fr\/#website"},"datePublished":"2022-07-27T20:08:20+00:00","dateModified":"2023-08-31T19:16:43+00:00","breadcrumb":{"@id":"https:\/\/intertaskconferences.com\/fr\/solutions-associations\/#breadcrumb"},"inLanguage":"fr-FR","potentialAction":[{"@type":"ReadAction","target":["https:\/\/intertaskconferences.com\/fr\/solutions-associations\/"]}]},{"@type":"BreadcrumbList","@id":"https:\/\/intertaskconferences.com\/fr\/solutions-associations\/#breadcrumb","itemListElement":[{"@type":"ListItem","position":1,"name":"Home","item":"https:\/\/intertaskconferences.com\/fr\/"},{"@type":"ListItem","position":2,"name":"Solutions pour les associations"}]},{"@type":"WebSite","@id":"https:\/\/intertaskconferences.com\/fr\/#website","url":"https:\/\/intertaskconferences.com\/fr\/","name":"Intertask Conferences","description":"","publisher":{"@id":"https:\/\/intertaskconferences.com\/fr\/#organization"},"potentialAction":[{"@type":"SearchAction","target":{"@type":"EntryPoint","urlTemplate":"https:\/\/intertaskconferences.com\/fr\/?s={search_term_string}"},"query-input":{"@type":"PropertyValueSpecification","valueRequired":true,"valueName":"search_term_string"}}],"inLanguage":"fr-FR"},{"@type":"Organization","@id":"https:\/\/intertaskconferences.com\/fr\/#organization","name":"Intertask Conferences","url":"https:\/\/intertaskconferences.com\/fr\/","logo":{"@type":"ImageObject","inLanguage":"fr-FR","@id":"https:\/\/intertaskconferences.com\/fr\/#\/schema\/logo\/image\/","url":"http:\/\/intertaskconferences.com\/wp-content\/uploads\/intertask-jpdl-logo-colour.png","contentUrl":"http:\/\/intertaskconferences.com\/wp-content\/uploads\/intertask-jpdl-logo-colour.png","width":1196,"height":219,"caption":"Intertask Conferences"},"image":{"@id":"https:\/\/intertaskconferences.com\/fr\/#\/schema\/logo\/image\/"}}]}},"_links":{"self":[{"href":"https:\/\/intertaskconferences.com\/fr\/wp-json\/wp\/v2\/pages\/909","targetHints":{"allow":["GET"]}}],"collection":[{"href":"https:\/\/intertaskconferences.com\/fr\/wp-json\/wp\/v2\/pages"}],"about":[{"href":"https:\/\/intertaskconferences.com\/fr\/wp-json\/wp\/v2\/types\/page"}],"author":[{"embeddable":true,"href":"https:\/\/intertaskconferences.com\/fr\/wp-json\/wp\/v2\/users\/5"}],"replies":[{"embeddable":true,"href":"https:\/\/intertaskconferences.com\/fr\/wp-json\/wp\/v2\/comments?post=909"}],"version-history":[{"count":0,"href":"https:\/\/intertaskconferences.com\/fr\/wp-json\/wp\/v2\/pages\/909\/revisions"}],"wp:attachment":[{"href":"https:\/\/intertaskconferences.com\/fr\/wp-json\/wp\/v2\/media?parent=909"}],"curies":[{"name":"wp","href":"https:\/\/api.w.org\/{rel}","templated":true}]}}